{"id":1939,"date":"2026-04-22T06:43:54","date_gmt":"2026-04-22T06:43:54","guid":{"rendered":""},"modified":"2026-04-22T06:44:01","modified_gmt":"2026-04-22T06:44:01","slug":"tadapox-5","status":"publish","type":"product","link":"https:\/\/www.pharmacy-content.com\/?product=tadapox-5&lang=es","title":{"rendered":"Tadapox"},"content":{"rendered":"<p>INDICACIONES<br \/>\nTadapox es una droga poderosa que ayuda a los hombres luchar con la impotencia y la eyaculaci\u00f3n precoz. Tadapox, tambi\u00e9n conocido como Tadalafil con Dapoxetine, es el primero tratamiento de su tipo que ha ayudado a los hombres obtener el provecho m\u00e1ximo de su actividad sexual.<br \/>\nTadalafil pertenece a una clase de medicamentos llamados inhibidores de fosfodiesterasa. Es conocido para ayudar a tratar los hombres con disminuci\u00f3n del suministro de sangre al \u00f3rgano reproductor masculino por lo que es r\u00edgido y duro; porlo tanto el hombre puede tener relaciones sexuales.<br \/>\nDapoxetine pertenece a un grupo de medicamentos llamados \u2018inhibidores selectivos de la recaptaci\u00f3n de serotonina\u2019 (ISRS), utilizados para tratar la eyaculaci\u00f3n precoz (EP) en los hombres entre los 18 y 64 a\u00f1os. Permite a los hombres tener un tiempo m\u00e1s largo en el acto retrasando su acci\u00f3n.<br \/>\nINSTRUCCIONES<br \/>\nUse Tadapox como es indcado por el m\u00e9dico.<br \/>\nTome Tadapox por v\u00eda oral con un vaso de agua.<br \/>\nEs necesario de tomarlo 30 a 40 minutos antes de la relaci\u00f3n sexual.<br \/>\nTadapox puede ser tomado con el est\u00f3mago vac\u00edo o despu\u00e9s de una comida ligera.<br \/>\nEste medicamento es una combinaci\u00f3n de dos pastillas. Tadalafil ocupa alrededor de 20 minutos para disolver mientras Dopaxetine ocupa alrededor de 40 a 50 minutos para entrar en la circulaci\u00f3n sist\u00e9mica. Solamente despu\u00e9s de este tiempo el hombre debe empezar la actividad sexual.<br \/>\nEste medicamento no debe ser consumido con alcohol o jugo de uva, porque puede provocar reacciones graves.<br \/>\nDOSIS<br \/>\nTome este medicamento como es indicado por su m\u00e9dico.<br \/>\nSi olvida una dosis de Tadapox, tomela tan pronto como sea posible. Si es la hora para su pr\u00f3xima dosis, omita la dosis olvidada y vuelva a su horario regular de dosificaci\u00f3n. No tome 2 dosis al mismo tiempo.<br \/>\nALMACENAMIENTO<br \/>\nAlmacene Tadapox entre 68 y 77 grados F (20 y 25 grados C). Almacene lejos del calor, de la humedad y de la luz. Almacene Tadapox lejos del alcance de los ni\u00f1os y animales dom\u00e9sticos.<br \/>\nM\u00c1S INFORMACI\u00d3N:<br \/>\nIngredientes activos: Tadalafilo y Dapoxetina<br \/>\nTadapox actuar\u00e1 durante aproximadamente 36 horas despu\u00e9s de la ingesti\u00f3n.<br \/>\nTadapox (Tadalafilo con Dapoxetina) viene en tabletas que contienen 20 mg de Tadalafilo y 60 mg de Dapoxetina. Algunos hombres solamente pueden tomar una dosis baja de Tadapox (Cialis con Dapoxetina) a causa de las condiciones m\u00e9dicas o medicamentos que toman.<br \/>\nINFORMACI\u00d3N DE SEGURIDAD<br \/>\nNo use Tadapox si:<br \/>\nUsted es al\u00e9rgico a cualquier ingrediente de Tadapox.<br \/>\ntiene problemas hep\u00e1ticos o renales severos.<br \/>\nUsted tiene antecedentes de problemas card\u00edacos (por ejemplo, presi\u00f3n arterial baja, o presi\u00f3n arterial alta no controlada).<br \/>\nUsted ha tenido un ataque al coraz\u00f3n en los \u00faltimos 90 d\u00edas o Usted ha tenido insuficiencia card\u00edaca grave o un accidente cerebrovascular en los \u00faltimos 6 meses.<br \/>\nUsted toma los nitratos.<br \/>\nUsted toma drogas recreativas llamadas \u2018poppers\u2019 (por ejemplo, nitrato de amilo o nitrito, nitrato de butilo o nitrito)<br \/>\nContacte con el m\u00e9dico si alguno de estos casos puede ser aplicado a Usted.<br \/>\nAlgunas condiciones m\u00e9dicas pueden interactuar con Tadapox. D\u00edga a su m\u00e9dico o farmac\u00e9utico si tiene alguna condici\u00f3n m\u00e9dica, especialmente alguno de los casos siguientes:<br \/>\nsi toma cualquier medicamento recetado o medicamento sin receta, preparado herb\u00e1ceo o suplemento diet\u00e9tico<br \/>\nsi Usted tiene alergias a medicamentos, comida o otras sustancias<br \/>\nsi tiene problemas de c\u00e9lulas sangu\u00edneas (por ejemplo, anemia de c\u00e9lulas falciformes)<br \/>\nsi Usted tiene antecedentes de problemas hep\u00e1ticos o renales, presi\u00f3n arterial alta o baja, \u00falceras, problemas de hemorragia, problemas card\u00edacos (por ejemplo, insuficiencia card\u00edaca, latidos irregulares del coraz\u00f3n, estenosis a\u00f3rtica, angina de pecho), o problemas de los vasos sangu\u00edneos<br \/>\nsi Usted tiene antecedentes de ataque card\u00edaco, derrame cerebral, o latido del coraz\u00f3n irregular potencialmente mortal.<br \/>\nContacte con su m\u00e9dico si Usted usa:<br \/>\nLos alfa-bloqueadores (por ejemplo, doxazosina), medicamentos para la presi\u00f3n arterial alta, los nitratos (por ejemplo, isosorbide, nitroglicerina) o nitroprusiato porque la presi\u00f3n arterial muy baja, con mareos, vah\u00eddos y desmayos puede ocurrir.<br \/>\nConsulte con su m\u00e9dico si Tadapox puede interactuar con otros medicamentos que esta tomando. Consulte con el m\u00e9dico antes de iniciar, detener o cambiar la dosis de cualquier medicamento.<br \/>\nInformaci\u00f3n importante sobre seguridad:<br \/>\nTadapox puede causar mareos, somnolencia, desmayos o visi\u00f3n borrosa. Estos efectos pueden ser peores si lo toma con alcohol o ciertos medicamentos. Utilice Tadapox con precauci\u00f3n. No conduzca o realice otras tareas posiblemente peligrosas hasta que sepa c\u00f3mo reacciona a el.<br \/>\nTadapox puede causar mareos, vah\u00eddos o desmayos, alcohol, tiempo caluroso, ejercicio, o fiebre pueden aumentar estos efectos. Para prevenirlos, si\u00e9ntese o lev\u00e1ntese lentamente, especialmente por la ma\u00f1ana. Si\u00e9ntese o acu\u00e9stese a la primera se\u00f1al de cualquier de estos efectos.<br \/>\nNo beba grandes cantidades de alcohol (por ejemplo, 5 bebidas alcoh\u00f3licas o m\u00e1s) mientras que toma Tadapox. Si lo hace, eso puede aumentar el riesgo de mareos, dolor de cabeza, latidos r\u00e1pidos del coraz\u00f3n y la presi\u00f3n arterial baja.<br \/>\nLos pacientes con problemas cardiacos que toman Tadapox pueden ser en mayor riesgo de efectos secundarios relacionados con el coraz\u00f3n, incluyendo ataques al coraz\u00f3n o un derrame cerebral. Los s\u00edntomas de un ataque al coraz\u00f3n pueden incluir dolor en el pecho, los hombros, el cuello, o la mand\u00edbula, entumecimiento de un brazo o una pierna; mareos, dolor de cabeza, n\u00e1usea, dolor de est\u00f3mago o v\u00f3mitos, cambios en la visi\u00f3n, desmayos. Los s\u00edntomas de un derrame cerebral pueden incluir confusi\u00f3n, cambios en la visi\u00f3n o del habla, debilidad de un solo lado, o desmayo. Consulte con su m\u00e9dico o busque atenci\u00f3n m\u00e9dica inmediatamente si experimenta estos s\u00edntomas.<br \/>\nTadapox no detiene la propagaci\u00f3n del VIH o otras enfermedades de transmisi\u00f3n sexual (ETS) a otros por contacto sexual. Use m\u00e9todos anticonceptivos de barrera (por ejemplo, preservativos) si tiene la infecci\u00f3n por VIH o ETS.<br \/>\nTadapox no previene el embarazo. Si tu pareja puede quedar embarazada y Usted quere evitar el embarazo, use un m\u00e9todo anticonceptivo eficaz.<br \/>\nNo use otros medicamentos o tratamientos para la disfunci\u00f3n er\u00e9ctil, mientras que toma Tadapox sin antes consultar con su m\u00e9dico.<br \/>\nUse Tadapox con precauci\u00f3n en los ancianos, porque pueden ser m\u00e1s sensibles a sus efectos.<br \/>\nTadapox no est\u00e1 recomendado para el uso en mujeres, adolescentes y ni\u00f1os menores de 18 a\u00f1os.<br \/>\nEFECTOS SECUNDARIOS<br \/>\nTodos los medicamentos pueden causar efectos secundarios, pero muchas personas no tienen estos efectos, o tienen efectos secundarios menores.<br \/>\nConsulte con su m\u00e9dico si cualquier de estos efectos secundarios m\u00e1s comunes persiste o vuelve molesto:<br \/>\nDolor de cabeza, mareos, somnolencia, sofocos, dolor leve en la espalda o dolor muscular, congesti\u00f3n o secreci\u00f3n nasal.<br \/>\nLa mayor\u00eda de los s\u00edntomas que este f\u00e1rmaco tiene cede con el tiempo. En casos extremadamente raros, Tadapox muestra reacciones graves que pueden conducir a condiciones tales como priapismo, trastornos respiratorios y erupciones cut\u00e1neas con formaci\u00f3n de pus.<\/p>\n","protected":false},"excerpt":{"rendered":"<p>Tadapox es un nuevo comprimido combinado que contiene dos de los medicamentos m\u00e1s potentes y de eficacia probada para combatir las principales causas de la disfunci\u00f3n sexual masculina.<\/p>\n","protected":false},"featured_media":1915,"comment_status":"open","ping_status":"closed","template":"","meta":[],"product_brand":[],"product_cat":[126],"product_tag":[],"class_list":{"0":"post-1939","1":"product","2":"type-product","3":"status-publish","4":"has-post-thumbnail","6":"product_cat-disfuncion-erectil-es","7":"pa_active_substance-dapoxetine","8":"pa_active_substance-tadalafil","10":"first","11":"instock","12":"shipping-taxable","13":"product-type-variable"},"jetpack_sharing_enabled":true,"_links":{"self":[{"href":"https:\/\/www.pharmacy-content.com\/index.php?rest_route=\/wp\/v2\/product\/1939","targetHints":{"allow":["GET"]}}],"collection":[{"href":"https:\/\/www.pharmacy-content.com\/index.php?rest_route=\/wp\/v2\/product"}],"about":[{"href":"https:\/\/www.pharmacy-content.com\/index.php?rest_route=\/wp\/v2\/types\/product"}],"replies":[{"embeddable":true,"href":"https:\/\/www.pharmacy-content.com\/index.php?rest_route=%2Fwp%2Fv2%2Fcomments&post=1939"}],"wp:featuredmedia":[{"embeddable":true,"href":"https:\/\/www.pharmacy-content.com\/index.php?rest_route=\/wp\/v2\/media\/1915"}],"wp:attachment":[{"href":"https:\/\/www.pharmacy-content.com\/index.php?rest_route=%2Fwp%2Fv2%2Fmedia&parent=1939"}],"wp:term":[{"taxonomy":"product_brand","embeddable":true,"href":"https:\/\/www.pharmacy-content.com\/index.php?rest_route=%2Fwp%2Fv2%2Fproduct_brand&post=1939"},{"taxonomy":"product_cat","embeddable":true,"href":"https:\/\/www.pharmacy-content.com\/index.php?rest_route=%2Fwp%2Fv2%2Fproduct_cat&post=1939"},{"taxonomy":"product_tag","embeddable":true,"href":"https:\/\/www.pharmacy-content.com\/index.php?rest_route=%2Fwp%2Fv2%2Fproduct_tag&post=1939"}],"curies":[{"name":"wp","href":"https:\/\/api.w.org\/{rel}","templated":true}]}}