{"id":1927,"date":"2026-04-22T06:43:52","date_gmt":"2026-04-22T06:43:52","guid":{"rendered":""},"modified":"2026-04-22T06:44:01","modified_gmt":"2026-04-22T06:44:01","slug":"tadapox-3","status":"publish","type":"product","link":"https:\/\/www.pharmacy-content.com\/?product=tadapox-3&lang=fr","title":{"rendered":"Tadapox"},"content":{"rendered":"<p>DOSAGE<br \/>\nPrenez le m\u00e9decine comme est indiqu\u00e9 par votre m\u00e9decin.<br \/>\nSi vous manquez une dose de Tadapox, utilisez-la d\u00e8s que possible. Si c&#8217;est presque le temps pour votre dose suivante, sautez la dose oubli\u00e9e et reprenez votre programme de dosage r\u00e9gulier. N&#8217;utilisez pas 2 doses \u00e0 la fois.<br \/>\nCONSERVATION<br \/>\nConservez Tadapox entre 68 et 77 degr\u00e9s F (20 et 25 degr\u00e9s C), loin de la chaleur, l&#8217;humidit\u00e9 et la lumi\u00e8re. Gardez Tadapox hors de la port\u00e9e des enfants et loin des animaux.<br \/>\nINFORMATION ADDITIVE:<br \/>\nLes ingr\u00e9dients actifs: Tadalafil et Dapoxetine<br \/>\nTadapox fonctionne pendant environ 36 heures apr\u00e8s la prise.<br \/>\nTadapox (Tadalafil avec Dapoxetine) est disponible en comprim\u00e9s qui contiennent 20 mg de Tadalafil et 60mg de Dapoxetine. Certains hommes peuvent prendre une petite dose de Tadapox (Cialis avec Dapoxetine) en raison de troubles m\u00e9dicaux ou des m\u00e9dicaments qu&#8217;ils prennent.<br \/>\nRENSEIGNEMENTS DE S\u00c9CURIT\u00c9<br \/>\nNe prenez pas Tadapox si:<br \/>\nvous \u00eates allergique \u00e0 un ingr\u00e9dient de Tadapox.<br \/>\nvous avez grave probl\u00e8mes des reins ou du foie.<br \/>\nvous avez des ant\u00e9c\u00e9dents de probl\u00e8mes cardiaques (par exemple, la pression art\u00e9rielle basse, ou l&#8217;hypertension art\u00e9rielle non contr\u00f4l\u00e9e).<br \/>\nvous avez eu la crise cardiaque au cours des 90 derniers jours ou vous avez eu l&#8217;insuffisance cardiaque grave ou l&#8217;accident vasculaire c\u00e9r\u00e9bral dans les 6 derniers mois.<br \/>\nvous prenez des nitrates.<br \/>\nvous utilisez certaines m\u00e9dicaments r\u00e9cr\u00e9ationnelles appel\u00e9es \u2018poppers\u2019 (par exemple, le nitrate amylique ou le nitrite, le nitrate de butyle ou de nitrite).<br \/>\nContactez votre m\u00e9decin imm\u00e9diatement si l&#8217;un de ces cas s&#8217;applique \u00e0 vous.<br \/>\nCertaines conditions m\u00e9dicales peuvent interagir avec Tadapox. Dites \u00e0 votre m\u00e9decin ou votre pharmacien si vous avez des conditions m\u00e9dicales, surtout si une des conditions suivantes s&#8217;applique \u00e0 vous:<br \/>\nsi vous prenez une ordonnance ou un m\u00e9dicament en vente libre, une pr\u00e9paration d&#8217;herbes ou un suppl\u00e9ment alimentaire<br \/>\nsi vous avez les allergies aux m\u00e9dicaments, aliments ou autres substances<br \/>\nsi vous avez les probl\u00e8mes de cellules sanguines (par exemple, l&#8217;an\u00e9mie falciforme)<br \/>\nsi vous avez des ant\u00e9c\u00e9dents de probl\u00e8mes h\u00e9patiques ou r\u00e9naux, la pression art\u00e9rielle \u00e9lev\u00e9e ou basse, les ulc\u00e8res, les probl\u00e8mes d&#8217;h\u00e9morragie, les probl\u00e8mes cardiaques (par exemple, l&#8217;insuffisance cardiaque, le rythme cardiaque irr\u00e9gulier, la st\u00e9nose aortique, l&#8217;angine), ou les probl\u00e8mes de vaisseaux sanguins<br \/>\nsi vous avez des ant\u00e9c\u00e9dents de crise cardiaque, d&#8217;accident vasculaire c\u00e9r\u00e9bral, ou les probl\u00e8mes s\u00e9rieux de rythme cardiaque irr\u00e9gulier.<br \/>\nContactez votre m\u00e9decin si vous utilisez:<br \/>\nLes alpha-bloquants (par exemple, la doxazosine), les m\u00e9dicaments pour l&#8217;hypertension art\u00e9rielle, les nitrates (par exemple, l&#8217;isosorbide, la nitroglyc\u00e9rine), ou nitroprusside car une pression art\u00e9rielle basse avec l&#8217;\u00e9tourdissement, le vertige et l&#8217;\u00e9vanouissement peut se produire.<br \/>\nDemandez \u00e0 votre m\u00e9decin si Tadapox peut interagir avec d&#8217;autres m\u00e9dicaments que vous prenez. Consultez votre m\u00e9decin avant de commencer, abandonner ou modifier la dose de tout m\u00e9dicament.<br \/>\nInformation de s\u00e9curit\u00e9 importante:<br \/>\nTadapox peut causer le vertige, la somnolence, l&#8217;\u00e9vanouissement, ou une vision floue. Ces effets peuvent \u00eatre pires si vous le prenez avec de l&#8217;alcool ou certains m\u00e9dicaments. Utilisez Tadapox avec prudence. Ne conduisez pas une auto ou n&#8217;accomplissez pas d&#8217;autres t\u00e2ches dangereux jusqu&#8217;\u00e0 ce que vous savez comment vous y r\u00e9agissez.<br \/>\nTadapox peut causer le vertige ou l&#8217;\u00e9vanouissement; l&#8217;alcool, le temps chaud, l&#8217;exercice, la fi\u00e8vre peuvent augmenter ces effets. Pour les pr\u00e9venir, essayez de vous asseoir ou rester debout lentement, surtout le matin. Asseyez-vous ou allongez-vous au premier signe d&#8217;un de ces effets.<br \/>\nNe buvez pas de grandes quantit\u00e9s d&#8217;alcool (par exemple 5 verres ou plus) pendant que vous prenez Tadapox. Cela peut augmenter votre risque de vertige, maux de t\u00eate, rythme cardiaque rapide, et pression art\u00e9rielle basse.<br \/>\nLes patients qui ont des probl\u00e8mes cardiaques peuvent \u00eatre \u00e0 risque accru d&#8217;effets cardiaques ind\u00e9sirables, y compris la crise cardiaque ou l&#8217;accident vasculaire c\u00e9r\u00e9bral. Les sympt\u00f4mes de la crise cardiaque peuvent inclure la douleur \u00e0 la poitrine, d&#8217;\u00e9paule, du cou ou de la m\u00e2choire; l&#8217;engourdissement d&#8217;un bras ou des jambes; l&#8217;\u00e9tourdissement s\u00e9v\u00e8re; le mal \u00e0 la t\u00eate, la naus\u00e9e, des douleurs \u00e0 l&#8217;estomac, ou le vomissement; l&#8217;\u00e9vanouissement; les changements de la vision. Les sympt\u00f4mes d&#8217;accident vasculaire c\u00e9r\u00e9bral peuvent inclure la confusion; des changements de vision ou d&#8217;oral; une faiblesse partielle dans les parties du corps; ou l&#8217;\u00e9vanouissement. Contactez votre m\u00e9decin imm\u00e9diatement si vous ressentez ces sympt\u00f4mes.<br \/>\nTadapox n&#8217;arr\u00eate pas la transmission du VIH ou d&#8217;autres maladies sexuellement transmissibles (MST) \u00e0 d&#8217;autres par le contact sexuel. Utilisez des m\u00e9thodes de contr\u00f4le des naissances (par exemple, les pr\u00e9servatifs) si vous avez l&#8217;infection \u00e0 VIH ou une MST.<br \/>\nTadapox ne previent pas la grossesse. Si votre partenaire peut devenir enceinte et vous souhaitez \u00e9viter une grossesse, veillez \u00e0 utiliser une forme efficace de contr\u00f4le des naissances.<br \/>\nN&#8217;utilisez pas d&#8217;autres m\u00e9dicaments ou les traitements de la dysfonction \u00e9rectile pendant que vous prenez Tadapox sans v\u00e9rification avec votre m\u00e9decin.<br \/>\nUtiliser Tadapox avec prudence aux personnes \u00e2g\u00e9es; ils sont plus sensibles \u00e0 ses effets.<br \/>\nTadapox n&#8217;est pas recommand\u00e9 pour une utilisation aux femmes, adolescents et enfants.<br \/>\nLES EFFETS SECONDAIRES<br \/>\nTout les m\u00e9dicaments peuvent causer des effets secondaires, mais beaucoup de gens n&#8217;ont pas, ou ont des effets secondaires mineurs.<br \/>\nConsultez votre m\u00e9decin si l&#8217;un de ces effets ind\u00e9sirables persiste ou devient g\u00eanant:<br \/>\nLes maux de t\u00eate, l&#8217;\u00e9tourdissement, la somnolence, la rougeur, la douleur du dos ou des muscles, le nez bouch\u00e9 ou le coryza.<br \/>\nLa plupart des sympt\u00f4mes de cette drogue disparaissent avec le temps. Dans des cas extr\u00eamement rares, Tadapox provoque les r\u00e9actions graves qui peuvent conduire \u00e0 des conditions telles que le priapisme, les troubles respiratoires et les \u00e9ruptions cutan\u00e9es avec formation de pus.<\/p>\n","protected":false},"excerpt":{"rendered":"<p>Tadapox est une nouvelle combinaison de traitements contenant deux des m\u00e9dicaments les plus puissants et les plus efficaces pour combattre les sympt\u00f4mes de dysfonction sexuelle chez l&#8217;homme.<\/p>\n","protected":false},"featured_media":1915,"comment_status":"open","ping_status":"closed","template":"","meta":[],"product_brand":[],"product_cat":[120],"product_tag":[],"class_list":{"0":"post-1927","1":"product","2":"type-product","3":"status-publish","4":"has-post-thumbnail","6":"product_cat-dysfonction-erectile-fr","7":"pa_active_substance-dapoxetine","8":"pa_active_substance-tadalafil","10":"first","11":"instock","12":"shipping-taxable","13":"product-type-variable"},"jetpack_sharing_enabled":true,"_links":{"self":[{"href":"https:\/\/www.pharmacy-content.com\/index.php?rest_route=\/wp\/v2\/product\/1927","targetHints":{"allow":["GET"]}}],"collection":[{"href":"https:\/\/www.pharmacy-content.com\/index.php?rest_route=\/wp\/v2\/product"}],"about":[{"href":"https:\/\/www.pharmacy-content.com\/index.php?rest_route=\/wp\/v2\/types\/product"}],"replies":[{"embeddable":true,"href":"https:\/\/www.pharmacy-content.com\/index.php?rest_route=%2Fwp%2Fv2%2Fcomments&post=1927"}],"wp:featuredmedia":[{"embeddable":true,"href":"https:\/\/www.pharmacy-content.com\/index.php?rest_route=\/wp\/v2\/media\/1915"}],"wp:attachment":[{"href":"https:\/\/www.pharmacy-content.com\/index.php?rest_route=%2Fwp%2Fv2%2Fmedia&parent=1927"}],"wp:term":[{"taxonomy":"product_brand","embeddable":true,"href":"https:\/\/www.pharmacy-content.com\/index.php?rest_route=%2Fwp%2Fv2%2Fproduct_brand&post=1927"},{"taxonomy":"product_cat","embeddable":true,"href":"https:\/\/www.pharmacy-content.com\/index.php?rest_route=%2Fwp%2Fv2%2Fproduct_cat&post=1927"},{"taxonomy":"product_tag","embeddable":true,"href":"https:\/\/www.pharmacy-content.com\/index.php?rest_route=%2Fwp%2Fv2%2Fproduct_tag&post=1927"}],"curies":[{"name":"wp","href":"https:\/\/api.w.org\/{rel}","templated":true}]}}