{"id":1921,"date":"2026-04-22T06:43:51","date_gmt":"2026-04-22T06:43:51","guid":{"rendered":""},"modified":"2026-04-22T06:44:01","modified_gmt":"2026-04-22T06:44:01","slug":"tadapox-2","status":"publish","type":"product","link":"https:\/\/www.pharmacy-content.com\/?product=tadapox-2&lang=de","title":{"rendered":"Tadapox"},"content":{"rendered":"<p>Allgemeine Anwendung<\/p>\n<p>Tadapox ist ein Kombinationsarzneimittel zur Behandlung von erektiler Dysfunktion und vorzeitiger Ejakulation. Es besteht aus zwei Hauptbestandteilen: Tadalafil und Dapoxetin. Tadalafil ist durch das Markenmedikament Cialis bekannt, w\u00e4hrend Dapoxetin ein neues Wort in der Medizin ist. Die kombinatorische Wirkung dieser Substanzen \u00fcbertrifft alle Erwartungen: W\u00e4hrend Tadalafil eine starke und stabile Erektion erm\u00f6glicht, verhindert Dapoxetin eine vorzeitige Ejakulation und verl\u00e4ngert die Wirkung des Medikaments, sodass Tadapox 36 Stunden nach der Einnahme wirksam ist.<\/p>\n<p>Dosierung und Anwendung<\/p>\n<p>Nur Patienten mit erektiler Dysfunktion oder Impotenz sollten Tadapox einnehmen. F\u00fcr gesunde Menschen besteht keine Notwendigkeit, das Medikament einzunehmen, da es ihnen nicht hilft, wenn sie psychisch bedingte Erektionsprobleme haben. Man sollte Tadapox nicht zusammen mit fetthaltiger Nahrung oder Alkohol einnehmen, da dies die Wirksamkeit des Arzneimittels beeintr\u00e4chtigen kann. Die \u00fcbliche Dosierung von Tadapox betr\u00e4gt eine Tablette pro Tag, eine Stunde vor der sexuellen Aktivit\u00e4t.<\/p>\n<p>Vorsichtsma\u00dfnahmen<\/p>\n<p>Lesen Sie die in der Packung enthaltenen Anweisungen sorgf\u00e4ltig durch und befolgen Sie sie. Beachten Sie, dass Tadapox keine sexuell \u00fcbertragbaren Krankheiten, einschlie\u00dflich HIV, behandeln kann. Es ist au\u00dferdem wichtig, dass Sie Ihrem Arzt Ihre Krankenakte w\u00e4hrend der Einnahme von Tadapox mitteilen. Eine regelm\u00e4\u00dfige \u00e4rztliche Kontrolle macht Ihre Behandlung mit Tadapox besonders sicher und wirksam.<\/p>\n<p>Gegenanzeigen<\/p>\n<p>Personen mit einer Vorgeschichte von Herz-Kreislauf- oder Lebererkrankungen sollten eine gr\u00fcndliche R\u00fccksprache mit dem Arzt halten, bevor sie Tadapox einnehmen d\u00fcrfen. Eine \u00dcberempfindlichkeit gegen einen der Bestandteile des Arzneimittels ist ebenfalls eine Kontraindikation.<\/p>\n<p>M\u00f6gliche Nebenwirkung<\/p>\n<p>Zu den h\u00e4ufigsten Nebenwirkungen von Tadapox geh\u00f6ren \u00dcbelkeit, Erbrechen, Hitzewallungen, Kopfr\u00f6tung, K\u00f6rperschmerzen und Schwindel. Patienten sind auch dem Risiko von Herzproblemen und Magengeschw\u00fcren ausgesetzt. Die schwerwiegendsten Nebenwirkungen des Arzneimittels treten auf, wenn die Vorsichtsma\u00dfnahmen und Anweisungen falsch gelesen oder ignoriert werden und die Konsultation eines Arztes vermieden wird, ebenso wie eine \u00dcberdosierung. In diesem Fall k\u00f6nnen bei Patienten schwere Herzerkrankungen, Hepatotoxizit\u00e4t, Durchfall, H\u00f6rst\u00f6rungen und andere gef\u00e4hrliche Symptome auftreten. Wenn bei Ihnen w\u00e4hrend der Einnahme von Tadapox eines davon auftritt, sollten Sie sofort Ihren Arzt um medizinische Hilfe bitten.<\/p>\n<p>Wechselwirkungen mit anderen Arzneimitteln<\/p>\n<p>Die Liste der Gegenmittel f\u00fcr Tadapox umfasst vor allem Medikamente auf Nitratbasis. Es gibt keine Umst\u00e4nde, unter denen der Patient Tadapox zusammen mit solchen Arzneimitteln einnehmen kann. Es ist auch verboten, Tadapox zusammen mit blutdrucksenkenden Medikamenten einzunehmen, da dies zu schwerem Blutdruckabfall f\u00fchren kann.<\/p>\n<p>Verpasste Dosis<\/p>\n<p>Auch wenn Sie Ihre t\u00e4gliche Dosis Tadapox vergessen haben, sollten Sie nicht mehr als eine Tablette einnehmen davon t\u00e4glich. Ignorieren Sie einfach die vergessene Dosis und nehmen Sie Ihr Medikament weiterhin wie verordnet ein.<\/p>\n<p>\u00dcberdosis<\/p>\n<p>Wenn Sie mehr als eine Tablette Tadapox am Tag eingenommen haben, kann es zu Kopfschmerzen, \u00dcbelkeit, Brustschmerzen und Hitzewallungen kommen. Bei Auftreten dieser Symptome wenden Sie sich sofort an Ihren Facharzt.<\/p>\n<p>Aufbewahrung<\/p>\n<p>Von Kindern fernhalten. Bewahren Sie das Medikament an einem dunklen, trockenen Ort bei Raumtemperatur auf.<\/p>\n<p>Haftungsausschluss<\/p>\n<p>Wir stellen nur allgemeine Informationen zu Medikamenten zur Verf\u00fcgung, die nicht alle Anweisungen, m\u00f6gliche Medikamentenkombinationen oder Vorsichtsma\u00dfnahmen abdecken. Die Informationen auf der Website k\u00f6nnen nicht zur Selbstbehandlung und Selbstdiagnose verwendet werden. Spezifische Anweisungen f\u00fcr einen bestimmten Patienten sollten mit Ihrem Gesundheitsberater oder dem f\u00fcr den Fall zust\u00e4ndigen Arzt vereinbart werden. Wir lehnen die Zuverl\u00e4ssigkeit dieser Informationen und die darin enthaltenen Fehler ab. Wir haften nicht f\u00fcr direkte, indirekte, besondere oder sonstige indirekte Sch\u00e4den, die sich aus der Nutzung der Informationen auf dieser Website ergeben und auch nicht f\u00fcr Folgen der Selbstbehandlung.<\/p>\n","protected":false},"excerpt":{"rendered":"<p>Tadapox Generic ist ein Kombinationsarzneimittel zur Behandlung von erektiler Dysfunktion und vorzeitiger Ejakulation.<\/p>\n","protected":false},"featured_media":1915,"comment_status":"open","ping_status":"closed","template":"","meta":[],"product_brand":[],"product_cat":[117],"product_tag":[],"class_list":{"0":"post-1921","1":"product","2":"type-product","3":"status-publish","4":"has-post-thumbnail","6":"product_cat-erektile-dysfunktion-de","7":"pa_active_substance-dapoxetine","8":"pa_active_substance-tadalafil","10":"first","11":"instock","12":"shipping-taxable","13":"product-type-variable"},"jetpack_sharing_enabled":true,"_links":{"self":[{"href":"https:\/\/www.pharmacy-content.com\/index.php?rest_route=\/wp\/v2\/product\/1921","targetHints":{"allow":["GET"]}}],"collection":[{"href":"https:\/\/www.pharmacy-content.com\/index.php?rest_route=\/wp\/v2\/product"}],"about":[{"href":"https:\/\/www.pharmacy-content.com\/index.php?rest_route=\/wp\/v2\/types\/product"}],"replies":[{"embeddable":true,"href":"https:\/\/www.pharmacy-content.com\/index.php?rest_route=%2Fwp%2Fv2%2Fcomments&post=1921"}],"wp:featuredmedia":[{"embeddable":true,"href":"https:\/\/www.pharmacy-content.com\/index.php?rest_route=\/wp\/v2\/media\/1915"}],"wp:attachment":[{"href":"https:\/\/www.pharmacy-content.com\/index.php?rest_route=%2Fwp%2Fv2%2Fmedia&parent=1921"}],"wp:term":[{"taxonomy":"product_brand","embeddable":true,"href":"https:\/\/www.pharmacy-content.com\/index.php?rest_route=%2Fwp%2Fv2%2Fproduct_brand&post=1921"},{"taxonomy":"product_cat","embeddable":true,"href":"https:\/\/www.pharmacy-content.com\/index.php?rest_route=%2Fwp%2Fv2%2Fproduct_cat&post=1921"},{"taxonomy":"product_tag","embeddable":true,"href":"https:\/\/www.pharmacy-content.com\/index.php?rest_route=%2Fwp%2Fv2%2Fproduct_tag&post=1921"}],"curies":[{"name":"wp","href":"https:\/\/api.w.org\/{rel}","templated":true}]}}