{"id":1791,"date":"2026-04-22T06:43:24","date_gmt":"2026-04-22T06:43:24","guid":{"rendered":""},"modified":"2026-04-22T06:43:31","modified_gmt":"2026-04-22T06:43:31","slug":"sildalist-4","status":"publish","type":"product","link":"https:\/\/www.pharmacy-content.com\/?product=sildalist-4&lang=it","title":{"rendered":"Sildalist"},"content":{"rendered":"<p>Uso comune<\/p>\n<p>Sildalist \u00e8 un farmaco combinato, costituito sia da Tadalafil che da Sildenafil citrato. Questa combinazione consente agli utenti di raggiungere un&#8217;erezione potente e stabile e allo stesso tempo prolunga l&#8217;atto sessuale, il che rende Sildalist la soluzione completa numero uno per un incredibile piacere sessuale.<\/p>\n<p>Dosaggio e direzioni<\/p>\n<p>Gli utenti dovrebbero assumere solo una compressa di Sildalist almeno 20 minuti prima dell&#8217;attivit\u00e0 sessuale, ma si consiglia di lasciare che la compressa si dissolva e inizi ad agire per un&#8217;ora. La dose abituale di Sildalist consiste in 100 mg di Sildenafil e 20 mg di Tadalafil.<\/p>\n<p>Precauzioni<\/p>\n<p>Il Sildalist originale si presenta come compresse rivestite con film rosse di forma rettangolare. Per ottenere il massimo dalla terapia, seguire le istruzioni incluse nella confezione. Se provi Sildalist per la prima volta, \u00e8 necessario consultare il medico. Una consultazione approfondita e tempestiva ti consentir\u00e0 di evitare possibili effetti avversi e di rendere il tuo trattamento il pi\u00f9 efficace possibile.<\/p>\n<p>Controindicazioni<\/p>\n<p>Sildalist pu\u00f2 causare gravi effetti avversi se non assunto correttamente. Prima di tutto, consulta il tuo medico per sapere se puoi assumere il farmaco senza gravi effetti collaterali. L&#8217;ipersensibilit\u00e0 ai componenti del farmaco, la bassa pressione sanguigna e altre condizioni possono essere controindicazioni per l&#8217;uso di Sildalist.<\/p>\n<p>Possibile effetto collaterale<\/p>\n<p>In rari casi, Sildalist pu\u00f2 essere causa di effetti negativi. Si manifestano come nausea, diarrea e vomito, vertigini, sonnolenza e vertigini, vampate di calore, bruciore di stomaco e calo della pressione sanguigna o problemi alla vista, inclusi offuscamento e ipersensibilit\u00e0 alla luce. Tuttavia, la maggior parte dei pazienti non sperimenta mai nessuno di questi effetti avversi.<\/p>\n<p>Interazione farmacologica<\/p>\n<p>Sildalist, come combinazione di Tadalafil e Sildenafil citrato, pu\u00f2 interagire con altri agenti antipertensivi. Non \u00e8 consigliabile assumere Sildalist insieme a farmaci che abbassano la pressione sanguigna o vasodilatatori. Per raccomandazioni pi\u00f9 dettagliate, leggere il foglio illustrativo incluso o consultare il proprio medico.<\/p>\n<p>Dose saltata<\/p>\n<p>Sildalist non richiede un&#8217;assunzione regolare, quindi se hai dimenticato la dose, puoi semplicemente ignorarla. Tuttavia, dovresti ricordare che devono trascorrere almeno 20 minuti dopo l&#8217;assunzione del farmaco.<\/p>\n<p>Sovradosaggio<\/p>\n<p>Se hai avuto un&#8217;overdose di Sildalist, dovresti contattare il tuo medico per un consiglio. Se si verifica uno qualsiasi degli effetti avversi del farmaco in forma moderata o grave, consultare immediatamente un medico.<\/p>\n<p>Conservazione<\/p>\n<p>Conservare Sildalist in un luogo buio e asciutto a temperatura ambiente, lontano dalla portata dei bambini. Controlla necessariamente la data di scadenza sulla confezione prima di iniziare a prendere il farmaco.<\/p>\n<p>Disclaimer<\/p>\n<p>Forniamo solo informazioni generali sui farmaci che non coprono tutte le indicazioni, possibili integrazioni farmacologiche o precauzioni. Le informazioni presenti sul sito non possono essere utilizzate per l&#8217;autotrattamento e l&#8217;autodiagnosi. Eventuali istruzioni specifiche per un particolare paziente devono essere concordate con il proprio consulente sanitario o medico responsabile del caso. Decliniamo l&#8217;affidabilit\u00e0 di queste informazioni e gli errori che potrebbero contenere. Non siamo responsabili per eventuali danni diretti, indiretti, speciali o altri danni indiretti derivanti dall&#8217;uso delle informazioni contenute in questo sito e anche per le conseguenze dell&#8217;autotrattamento.<\/p>\n","protected":false},"excerpt":{"rendered":"<p>Sildalis \u00e8 la combinazione di due principi attivi.<\/p>\n","protected":false},"featured_media":1773,"comment_status":"open","ping_status":"closed","template":"","meta":[],"product_brand":[],"product_cat":[123],"product_tag":[],"class_list":{"0":"post-1791","1":"product","2":"type-product","3":"status-publish","4":"has-post-thumbnail","6":"product_cat-disfunzione-erettile-it","7":"pa_active_substance-sildenafil","8":"pa_active_substance-tadalafil","10":"first","11":"instock","12":"shipping-taxable","13":"product-type-variable"},"jetpack_sharing_enabled":true,"_links":{"self":[{"href":"https:\/\/www.pharmacy-content.com\/index.php?rest_route=\/wp\/v2\/product\/1791","targetHints":{"allow":["GET"]}}],"collection":[{"href":"https:\/\/www.pharmacy-content.com\/index.php?rest_route=\/wp\/v2\/product"}],"about":[{"href":"https:\/\/www.pharmacy-content.com\/index.php?rest_route=\/wp\/v2\/types\/product"}],"replies":[{"embeddable":true,"href":"https:\/\/www.pharmacy-content.com\/index.php?rest_route=%2Fwp%2Fv2%2Fcomments&post=1791"}],"wp:featuredmedia":[{"embeddable":true,"href":"https:\/\/www.pharmacy-content.com\/index.php?rest_route=\/wp\/v2\/media\/1773"}],"wp:attachment":[{"href":"https:\/\/www.pharmacy-content.com\/index.php?rest_route=%2Fwp%2Fv2%2Fmedia&parent=1791"}],"wp:term":[{"taxonomy":"product_brand","embeddable":true,"href":"https:\/\/www.pharmacy-content.com\/index.php?rest_route=%2Fwp%2Fv2%2Fproduct_brand&post=1791"},{"taxonomy":"product_cat","embeddable":true,"href":"https:\/\/www.pharmacy-content.com\/index.php?rest_route=%2Fwp%2Fv2%2Fproduct_cat&post=1791"},{"taxonomy":"product_tag","embeddable":true,"href":"https:\/\/www.pharmacy-content.com\/index.php?rest_route=%2Fwp%2Fv2%2Fproduct_tag&post=1791"}],"curies":[{"name":"wp","href":"https:\/\/api.w.org\/{rel}","templated":true}]}}