{"id":1687,"date":"2026-04-22T06:42:59","date_gmt":"2026-04-22T06:42:59","guid":{"rendered":""},"modified":"2026-04-22T06:43:04","modified_gmt":"2026-04-22T06:43:04","slug":"cialis-super-active-8","status":"publish","type":"product","link":"https:\/\/www.pharmacy-content.com\/?product=cialis-super-active-8&lang=sv","title":{"rendered":"Cialis Super Active"},"content":{"rendered":"<p>Cialis Super Active \u2013 (aktiv substans \u2014 Tadalafin 20 mg), samma som i Cuialis standardmedicin, anses l\u00e4kemedlets utm\u00e4rkande egenhet vara den f\u00f6rb\u00e4ttrade l\u00e4kemedlets formel i form av en gel placerad i kapsel. Sugformen g\u00f6r att l\u00e4kemedlet omedelbart kommer in i blodomloppet och garanterar h\u00f6g effektivitet mot erektil dysfunktion av olika typer. 1 tablett Cialis Super Active verkar inom 36 timmar. Under denna period orsakar den 8 till 16 erektioner. Varaktigheten av varje samlag efter intag av detta l\u00e4kemedel \u00e4r minst 40 minuter. De viktigaste f\u00f6rdelarna med l\u00e4kemedlet: resultat uppst\u00e5r redan efter 5-6 minuter, varaktighet av den effektiva effekten &#8211; upp till tv\u00e5 dagar, minimala begr\u00e4nsningar av administreringen. Cialis Super Active \u00e4r effektivt vid erektionsst\u00f6rningar av olika ursprung. Friska m\u00e4n kan ocks\u00e5 ta detta l\u00e4kemedel f\u00f6r att st\u00e4rka kroppen.<\/p>\n","protected":false},"excerpt":{"rendered":"<p>Cialis Super Active \u00e4r ett generiskt l\u00e4kemedel mot erektil dysfunktion, inneh\u00e5llande 20 mg tadalafil. Tabletterna i denna serie har en gel inuti. Denna form g\u00f6r att den aktiva substansen, Tadalafil, omedelbart kan komma in i blodomloppet, vilket ger en omedelbar effekt. Resultatet fr\u00e5n Cialis Super Active-tabletterna syns efter 5 minuter! Verkan varar i tv\u00e5 dagar. L\u00e4kemedlet \u00e4r s\u00e4kert och har praktiskt taget inga kontraindikationer.<\/p>\n","protected":false},"featured_media":1631,"comment_status":"open","ping_status":"closed","template":"","meta":[],"product_brand":[],"product_cat":[135],"product_tag":[],"class_list":{"0":"post-1687","1":"product","2":"type-product","3":"status-publish","4":"has-post-thumbnail","6":"product_cat-erektil-dysfunktion-sv","7":"pa_active_substance-tadalafil","9":"first","10":"instock","11":"shipping-taxable","12":"product-type-variable"},"jetpack_sharing_enabled":true,"_links":{"self":[{"href":"https:\/\/www.pharmacy-content.com\/index.php?rest_route=\/wp\/v2\/product\/1687","targetHints":{"allow":["GET"]}}],"collection":[{"href":"https:\/\/www.pharmacy-content.com\/index.php?rest_route=\/wp\/v2\/product"}],"about":[{"href":"https:\/\/www.pharmacy-content.com\/index.php?rest_route=\/wp\/v2\/types\/product"}],"replies":[{"embeddable":true,"href":"https:\/\/www.pharmacy-content.com\/index.php?rest_route=%2Fwp%2Fv2%2Fcomments&post=1687"}],"wp:featuredmedia":[{"embeddable":true,"href":"https:\/\/www.pharmacy-content.com\/index.php?rest_route=\/wp\/v2\/media\/1631"}],"wp:attachment":[{"href":"https:\/\/www.pharmacy-content.com\/index.php?rest_route=%2Fwp%2Fv2%2Fmedia&parent=1687"}],"wp:term":[{"taxonomy":"product_brand","embeddable":true,"href":"https:\/\/www.pharmacy-content.com\/index.php?rest_route=%2Fwp%2Fv2%2Fproduct_brand&post=1687"},{"taxonomy":"product_cat","embeddable":true,"href":"https:\/\/www.pharmacy-content.com\/index.php?rest_route=%2Fwp%2Fv2%2Fproduct_cat&post=1687"},{"taxonomy":"product_tag","embeddable":true,"href":"https:\/\/www.pharmacy-content.com\/index.php?rest_route=%2Fwp%2Fv2%2Fproduct_tag&post=1687"}],"curies":[{"name":"wp","href":"https:\/\/api.w.org\/{rel}","templated":true}]}}