{"id":1663,"date":"2026-04-22T06:42:56","date_gmt":"2026-04-22T06:42:56","guid":{"rendered":""},"modified":"2026-04-22T06:43:04","modified_gmt":"2026-04-22T06:43:04","slug":"cialis-super-active-5","status":"publish","type":"product","link":"https:\/\/www.pharmacy-content.com\/?product=cialis-super-active-5&lang=es","title":{"rendered":"Cialis Super Active"},"content":{"rendered":"<p>Cialis Super Active (principio activo: tadalafilo 20 mg) es un medicamento id\u00e9ntico al Cialis est\u00e1ndar, cuya particularidad reside en la mejora de su f\u00f3rmula, que se presenta en formato de gel en c\u00e1psulas. El formato para disolver en la boca de este medicamento permite que pase a la sangre inmediatamente y garantiza una alta eficacia contra diversos tipos de disfunci\u00f3n er\u00e9ctil. 1 comprimido de Cialis Super Active act\u00faa durante 36 horas. Durante este periodo provoca entre 8 y 16 erecciones. La duraci\u00f3n de cada relaci\u00f3n sexual tras tomar este medicamento es de al menos 40 minutos. Principales ventajas del medicamento: act\u00faa en tan solo 5-6 minutos, duraci\u00f3n de su efecto: hasta dos d\u00edas, limitaciones m\u00ednimas de administraci\u00f3n. Cialis Super Active es eficaz frente a problemas de erecci\u00f3n de diferente origen. Este medicamento tambi\u00e9n est\u00e1 indicado para hombres sanos que deseen mejorar su rendimiento sexual.<\/p>\n","protected":false},"excerpt":{"rendered":"<p>Cialis Super Active es un medicamento gen\u00e9rico contra la disfunci\u00f3n er\u00e9ctil que contiene 20 mg de tadalafilo. Los comprimidos de esta serie tienen un gel en su interior. Este formato permite que el principio activo, el tadalafilo, pase inmediatamente a la sangre, lo que proporciona un efecto inmediato. \u00a1Los comprimidos Cialis Super Active act\u00faan en 5 minutos! Su efecto dura dos d\u00edas. Es un medicamento seguro y pr\u00e1cticamente no tiene contraindicaciones.<\/p>\n","protected":false},"featured_media":1631,"comment_status":"open","ping_status":"closed","template":"","meta":[],"product_brand":[],"product_cat":[126],"product_tag":[],"class_list":{"0":"post-1663","1":"product","2":"type-product","3":"status-publish","4":"has-post-thumbnail","6":"product_cat-disfuncion-erectil-es","7":"pa_active_substance-tadalafil","9":"first","10":"instock","11":"shipping-taxable","12":"product-type-variable"},"jetpack_sharing_enabled":true,"_links":{"self":[{"href":"https:\/\/www.pharmacy-content.com\/index.php?rest_route=\/wp\/v2\/product\/1663","targetHints":{"allow":["GET"]}}],"collection":[{"href":"https:\/\/www.pharmacy-content.com\/index.php?rest_route=\/wp\/v2\/product"}],"about":[{"href":"https:\/\/www.pharmacy-content.com\/index.php?rest_route=\/wp\/v2\/types\/product"}],"replies":[{"embeddable":true,"href":"https:\/\/www.pharmacy-content.com\/index.php?rest_route=%2Fwp%2Fv2%2Fcomments&post=1663"}],"wp:featuredmedia":[{"embeddable":true,"href":"https:\/\/www.pharmacy-content.com\/index.php?rest_route=\/wp\/v2\/media\/1631"}],"wp:attachment":[{"href":"https:\/\/www.pharmacy-content.com\/index.php?rest_route=%2Fwp%2Fv2%2Fmedia&parent=1663"}],"wp:term":[{"taxonomy":"product_brand","embeddable":true,"href":"https:\/\/www.pharmacy-content.com\/index.php?rest_route=%2Fwp%2Fv2%2Fproduct_brand&post=1663"},{"taxonomy":"product_cat","embeddable":true,"href":"https:\/\/www.pharmacy-content.com\/index.php?rest_route=%2Fwp%2Fv2%2Fproduct_cat&post=1663"},{"taxonomy":"product_tag","embeddable":true,"href":"https:\/\/www.pharmacy-content.com\/index.php?rest_route=%2Fwp%2Fv2%2Fproduct_tag&post=1663"}],"curies":[{"name":"wp","href":"https:\/\/api.w.org\/{rel}","templated":true}]}}