{"id":1655,"date":"2026-04-22T06:42:55","date_gmt":"2026-04-22T06:42:55","guid":{"rendered":""},"modified":"2026-04-22T06:43:04","modified_gmt":"2026-04-22T06:43:04","slug":"cialis-super-active-4","status":"publish","type":"product","link":"https:\/\/www.pharmacy-content.com\/?product=cialis-super-active-4&lang=it","title":{"rendered":"Cialis Super Active"},"content":{"rendered":"<p>Il Cialis Super Active (Tadalafil 20 mg) contiene lo stesso principio attivo del Cialis originale. La sua particolarit\u00e0 distintiva \u00e8 una formula migliorata in formato gel alloggiata all&#8217;interno di una capsula. Questa specifica forma farmaceutica permette al Tadalafil di entrare immediatamente nel flusso sanguigno, garantendo cos\u00ec una notevole efficacia contro diverse forme di disfunzione erettile. L&#8217;azione del farmaco dura fino a 36 ore. Nell&#8217;arco di questo tempo si potrebbero raggiungere da 8 a 16 erezioni. La durata di ciascun rapporto sessuale, dopo l&#8217;assunzione del medicinale, \u00e8 di almeno 40 minuti. Vantaggi principali del farmaco: inizio dell&#8217;effetto nel giro di 5-6 minuti, durata della sua azione fino a due giorni, controindicazioni minime. Il Cialis Super Active \u00e8 efficace nel trattamento di disturbi erettili di diversa origine. \u00c8 indicato anche per gli uomini sani che desiderano migliorare la loro potenza sessuale.<\/p>\n","protected":false},"excerpt":{"rendered":"<p>Il Cialis Super Active \u00e8 un medicinale generico contro la disfunzione erettile contenente 20 mg di Tadalafil. La particolarit\u00e0 di queste capsule \u00e8 il gel contenuto al loro interno. Tale formulazione consente al principio attivo, il Tadalafil, di entrare immediatamente in circolo nel sangue, garantendo cos\u00ec un&#8217;azione immediata. L&#8217;effetto delle capsule Cialis Super Active si manifesta dopo soli 5 minuti! La sua durata d&#8217;azione \u00e8 di 48 ore. Il farmaco \u00e8 sicuro e non presenta controindicazioni.<\/p>\n","protected":false},"featured_media":1631,"comment_status":"open","ping_status":"closed","template":"","meta":[],"product_brand":[],"product_cat":[123],"product_tag":[],"class_list":{"0":"post-1655","1":"product","2":"type-product","3":"status-publish","4":"has-post-thumbnail","6":"product_cat-disfunzione-erettile-it","7":"pa_active_substance-tadalafil","9":"first","10":"instock","11":"shipping-taxable","12":"product-type-variable"},"jetpack_sharing_enabled":true,"_links":{"self":[{"href":"https:\/\/www.pharmacy-content.com\/index.php?rest_route=\/wp\/v2\/product\/1655","targetHints":{"allow":["GET"]}}],"collection":[{"href":"https:\/\/www.pharmacy-content.com\/index.php?rest_route=\/wp\/v2\/product"}],"about":[{"href":"https:\/\/www.pharmacy-content.com\/index.php?rest_route=\/wp\/v2\/types\/product"}],"replies":[{"embeddable":true,"href":"https:\/\/www.pharmacy-content.com\/index.php?rest_route=%2Fwp%2Fv2%2Fcomments&post=1655"}],"wp:featuredmedia":[{"embeddable":true,"href":"https:\/\/www.pharmacy-content.com\/index.php?rest_route=\/wp\/v2\/media\/1631"}],"wp:attachment":[{"href":"https:\/\/www.pharmacy-content.com\/index.php?rest_route=%2Fwp%2Fv2%2Fmedia&parent=1655"}],"wp:term":[{"taxonomy":"product_brand","embeddable":true,"href":"https:\/\/www.pharmacy-content.com\/index.php?rest_route=%2Fwp%2Fv2%2Fproduct_brand&post=1655"},{"taxonomy":"product_cat","embeddable":true,"href":"https:\/\/www.pharmacy-content.com\/index.php?rest_route=%2Fwp%2Fv2%2Fproduct_cat&post=1655"},{"taxonomy":"product_tag","embeddable":true,"href":"https:\/\/www.pharmacy-content.com\/index.php?rest_route=%2Fwp%2Fv2%2Fproduct_tag&post=1655"}],"curies":[{"name":"wp","href":"https:\/\/api.w.org\/{rel}","templated":true}]}}