{"id":1566,"date":"2026-04-22T06:42:39","date_gmt":"2026-04-22T06:42:39","guid":{"rendered":""},"modified":"2026-04-22T06:42:51","modified_gmt":"2026-04-22T06:42:51","slug":"viagra-professional-7","status":"publish","type":"product","link":"https:\/\/www.pharmacy-content.com\/?product=viagra-professional-7&lang=pt","title":{"rendered":"Viagra Professional"},"content":{"rendered":"<p>Uso comum<br \/>\nO principal componente do Viagra Proffesional \u00e9 o Citrato de Sildenafil.<br \/>\nO Citrato de Sildenafil afeta a resposta \u00e0 estimula\u00e7\u00e3o sexual. Atua melhorando o relaxamento do m\u00fasculo liso usando \u00f3xido n\u00edtrico, uma subst\u00e2ncia qu\u00edmica que normalmente \u00e9 liberada em resposta \u00e0 estimula\u00e7\u00e3o sexual. Este relaxamento do m\u00fasculo liso permite aumentar o fluxo sangu\u00edneo em certas \u00e1reas do p\u00eanis, o que leva a uma ere\u00e7\u00e3o.<br \/>\nO Citrato de Sildenafil \u00e9 aplicado para o tratamento da disfun\u00e7\u00e3o er\u00e9til (impot\u00eancia) em homens e hipertens\u00e3o arterial pulmonar.<br \/>\nO Citrato de Sildenafil tamb\u00e9m pode ser usado para outras finalidades n\u00e3o listadas acima.<\/p>\n<p>Dosagem e dire\u00e7\u00e3o<br \/>\nNormalmente a dose recomendada \u00e9 de 50 mg. \u00c9 tomado aproximadamente 0,5-1 hora antes da atividade sexual. N\u00e3o tome Viagra Proffesional mais de uma vez por dia.<br \/>\nUma refei\u00e7\u00e3o rica em gordura pode atrasar o efeito deste medicamento.<br \/>\nTente n\u00e3o comer toranja ou beber suco de toranja enquanto estiver sendo tratado com Citrato de Sildenafil.<\/p>\n<p>Precau\u00e7\u00f5es<br \/>\nAntes de come\u00e7ar a tomar Citrato de Sildenafil, informe o seu m\u00e9dico ou farmac\u00eautico se voc\u00ea \u00e9 al\u00e9rgico a ele; ou se voc\u00ea tiver outras alergias.<br \/>\nPessoas idosas podem ser mais sens\u00edveis aos efeitos colaterais do medicamento.<\/p>\n<p>Contra-indica\u00e7\u00f5es<br \/>\nViagra Proffesional \u00e9 contra-indicado em pacientes que tomam outro medicamento para tratar a impot\u00eancia ou que usam um medicamento \u00e0 base de nitrato para dores no peito ou problemas card\u00edacos. .<br \/>\nEste medicamento n\u00e3o deve ser tomado por mulheres e crian\u00e7as, bem como por pacientes com hipersensibilidade conhecida a qualquer componente do comprimido.<\/p>\n<p>Poss\u00edveis efeitos colaterais<br \/>\nOs efeitos colaterais mais comuns s\u00e3o dor de cabe\u00e7a, rubor, azia, dor de est\u00f4mago, congest\u00e3o nasal, tontura, tontura ou diarr\u00e9ia.<br \/>\nUma rea\u00e7\u00e3o al\u00e9rgica grave a este medicamento \u00e9 muito rara, mas procure ajuda m\u00e9dica imediata se ocorrer.<br \/>\nMuitas pessoas que usam este medicamento n\u00e3o apresentam efeitos colaterais graves.<br \/>\nCaso voc\u00ea note algum lado efeitos n\u00e3o listados acima, entre em contato com seu m\u00e9dico ou farmac\u00eautico.<\/p>\n<p>Intera\u00e7\u00e3o medicamentosa<br \/>\nEste medicamento n\u00e3o deve ser usado com nitratos e drogas recreativas chamadas poppers contendo nitrito de amila ou butila; medicamentos alfa-bloqueadores; outros medicamentos para impot\u00eancia; medicamentos para hipertens\u00e3o, etc.<br \/>\nConsulte o seu m\u00e9dico ou farmac\u00eautico para mais detalhes.<\/p>\n<p>Dose esquecida<br \/>\nViagra Proffesional \u00e9 usado conforme necess\u00e1rio, portanto \u00e9 improv\u00e1vel que voc\u00ea esteja em um esquema de dosagem.<\/p>\n<p>Sobredosagem<br \/>\nSe voc\u00ea acha que tem usou muito deste medicamento, procure atendimento m\u00e9dico de emerg\u00eancia imediatamente. Os sintomas de sobredosagem geralmente incluem dor no peito, n\u00e1useas, batimentos card\u00edacos irregulares e sensa\u00e7\u00e3o de tontura ou desmaio.<\/p>\n<p>Armazenamento<br \/>\nGuarde os seus medicamentos \u00e0 temperatura ambiente entre 20-25 graus C (68-77 graus F), longe da luz e umidade. N\u00e3o guarde as drogas no banheiro. Mantenha todos os medicamentos longe do alcance de crian\u00e7as e animais de estima\u00e7\u00e3o.<\/p>\n<p>Isen\u00e7\u00e3o de responsabilidade<br \/>\nFornecemos apenas informa\u00e7\u00f5es gerais sobre medicamentos que n\u00e3o cobrem todas as instru\u00e7\u00f5es, poss\u00edveis integra\u00e7\u00f5es de medicamentos ou precau\u00e7\u00f5es. As informa\u00e7\u00f5es do site n\u00e3o podem ser utilizadas para autotratamento e autodiagn\u00f3stico. Quaisquer instru\u00e7\u00f5es espec\u00edficas para um determinado paciente devem ser acordadas com o seu conselheiro de sa\u00fade ou m\u00e9dico respons\u00e1vel pelo caso. N\u00f3s nos isentamos da confiabilidade dessas informa\u00e7\u00f5es e dos erros que elas possam conter. N\u00e3o nos responsabilizamos por quaisquer danos diretos, indiretos, especiais ou outros danos indiretos resultantes de qualquer uso das informa\u00e7\u00f5es deste site e tamb\u00e9m pelas consequ\u00eancias do autotratamento.<\/p>\n","protected":false},"excerpt":{"rendered":"<p>O Viagra Professional Generic \u00e9 claramente a droga de escolha quando se trata de tratar com sucesso a disfun\u00e7\u00e3o er\u00e9til e o medo \u00edntimo de fracasso associado. O preparado tem as mesmas propriedades do Viagra cl\u00e1ssico, mas proporciona um efeito terap\u00eautico mais longo e intenso. Voc\u00ea pode encomendar Viagra Professional Generic online sem receita em nossa farm\u00e1cia por correspond\u00eancia.<\/p>\n","protected":false},"featured_media":1470,"comment_status":"open","ping_status":"closed","template":"","meta":[],"product_brand":[],"product_cat":[132],"product_tag":[],"class_list":{"0":"post-1566","1":"product","2":"type-product","3":"status-publish","4":"has-post-thumbnail","6":"product_cat-disfuncao-eretil-pt","7":"pa_active_substance-sildenafil","9":"first","10":"instock","11":"shipping-taxable","12":"product-type-simple"},"jetpack_sharing_enabled":true,"_links":{"self":[{"href":"https:\/\/www.pharmacy-content.com\/index.php?rest_route=\/wp\/v2\/product\/1566","targetHints":{"allow":["GET"]}}],"collection":[{"href":"https:\/\/www.pharmacy-content.com\/index.php?rest_route=\/wp\/v2\/product"}],"about":[{"href":"https:\/\/www.pharmacy-content.com\/index.php?rest_route=\/wp\/v2\/types\/product"}],"replies":[{"embeddable":true,"href":"https:\/\/www.pharmacy-content.com\/index.php?rest_route=%2Fwp%2Fv2%2Fcomments&post=1566"}],"wp:featuredmedia":[{"embeddable":true,"href":"https:\/\/www.pharmacy-content.com\/index.php?rest_route=\/wp\/v2\/media\/1470"}],"wp:attachment":[{"href":"https:\/\/www.pharmacy-content.com\/index.php?rest_route=%2Fwp%2Fv2%2Fmedia&parent=1566"}],"wp:term":[{"taxonomy":"product_brand","embeddable":true,"href":"https:\/\/www.pharmacy-content.com\/index.php?rest_route=%2Fwp%2Fv2%2Fproduct_brand&post=1566"},{"taxonomy":"product_cat","embeddable":true,"href":"https:\/\/www.pharmacy-content.com\/index.php?rest_route=%2Fwp%2Fv2%2Fproduct_cat&post=1566"},{"taxonomy":"product_tag","embeddable":true,"href":"https:\/\/www.pharmacy-content.com\/index.php?rest_route=%2Fwp%2Fv2%2Fproduct_tag&post=1566"}],"curies":[{"name":"wp","href":"https:\/\/api.w.org\/{rel}","templated":true}]}}