{"id":1550,"date":"2026-04-22T06:42:36","date_gmt":"2026-04-22T06:42:36","guid":{"rendered":""},"modified":"2026-04-22T06:42:51","modified_gmt":"2026-04-22T06:42:51","slug":"viagra-professional-6","status":"publish","type":"product","link":"https:\/\/www.pharmacy-content.com\/?product=viagra-professional-6&lang=pl","title":{"rendered":"Viagra Professional"},"content":{"rendered":"<p>Powszechne zastosowanie<br \/>\nG\u0142\u00f3wnym sk\u0142adnikiem Viagra Proffesional jest cytrynian sildenafilu.<br \/>\nCytrynian sildenafilu wp\u0142ywa na reakcj\u0119 na stymulacj\u0119 seksualn\u0105. Dzia\u0142a poprzez zwi\u0119kszenie relaksacji mi\u0119\u015bni g\u0142adkich za pomoc\u0105 tlenku azotu, substancji chemicznej zwykle uwalnianej w odpowiedzi na stymulacj\u0119 seksualn\u0105. To rozlu\u017anienie mi\u0119\u015bni g\u0142adkich umo\u017cliwia zwi\u0119kszony przep\u0142yw krwi do okre\u015blonych obszar\u00f3w pr\u0105cia, co prowadzi do erekcji.<br \/>\nCytrynian sildenafilu stosuje si\u0119 w leczeniu zaburze\u0144 erekcji (impotencji) u m\u0119\u017cczyzn i t\u0119tniczego nadci\u015bnienia p\u0142ucnego.<br \/>\nCytrynian sildenafilu mo\u017cna r\u00f3wnie\u017c stosowa\u0107 w leczeniu do innych cel\u00f3w, niewymienionych powy\u017cej.<\/p>\n<p>Dawkowanie i kierunek<br \/>\nZwykle zalecana dawka to 50 mg. Lek nale\u017cy przyjmowa\u0107 oko\u0142o 0,5-1 godziny przed aktywno\u015bci\u0105 seksualn\u0105. Nie nale\u017cy przyjmowa\u0107 Viagra Proffesional cz\u0119\u015bciej ni\u017c raz dziennie.<br \/>\nWysokot\u0142uszczowy posi\u0142ek mo\u017ce op\u00f3\u017ani\u0107 dzia\u0142anie tego leku.<br \/>\nStaraj si\u0119 nie je\u015b\u0107 grejpfrut\u00f3w ani nie pi\u0107 soku grejpfrutowego podczas leczenia cytrynianem sildenafilu.<\/p>\n<p>\u015arodki ostro\u017cno\u015bci<br \/>\nPrzed rozpocz\u0119ciem stosowania cytrynianu sildenafilu nale\u017cy powiedzie\u0107 lekarzowi lub farmaceucie, je\u015bli pacjent ma uczulenie na ten lek; lub je\u015bli masz jak\u0105kolwiek inn\u0105 alergi\u0119.<br \/>\nOsoby w podesz\u0142ym wieku mog\u0105 by\u0107 bardziej wra\u017cliwe na skutki uboczne leku.<\/p>\n<p>Przeciwwskazania<br \/>\nViagra Proffesional jest przeciwwskazany u pacjent\u00f3w przyjmuj\u0105cych inny lek na impotencj\u0119 lub stosuj\u0105cych lek azotanowy na b\u00f3l w klatce piersiowej lub problemy z sercem .<br \/>\nTen lek nie powinien by\u0107 stosowany przez kobiety i dzieci, a tak\u017ce u pacjent\u00f3w ze stwierdzon\u0105 nadwra\u017cliwo\u015bci\u0105 na kt\u00f3rykolwiek sk\u0142adnik tabletki.<\/p>\n<p>Mo\u017cliwe dzia\u0142ania niepo\u017c\u0105dane<br \/>\nNajcz\u0119stsze dzia\u0142ania niepo\u017c\u0105dane to: b\u00f3l g\u0142owy, uderzenia gor\u0105ca, zgaga, rozstr\u00f3j \u017co\u0142\u0105dka, niedro\u017cno\u015b\u0107 nosa, zawroty g\u0142owy, zawroty g\u0142owy lub biegunka.<br \/>\nPowa\u017cna reakcja alergiczna na ten lek wyst\u0119puje bardzo rzadko, ale je\u015bli wyst\u0105pi, nale\u017cy natychmiast zwr\u00f3ci\u0107 si\u0119 o pomoc lekarsk\u0105.<br \/>\nWiele os\u00f3b stosuj\u0105cych ten lek nie ma powa\u017cnych skutk\u00f3w ubocznych.<br \/>\nW przypadku zauwa\u017cenia jakichkolwiek dzia\u0142a\u0144 niepo\u017c\u0105danych w przypadku wyst\u0105pienia objaw\u00f3w niewymienionych powy\u017cej nale\u017cy skontaktowa\u0107 si\u0119 z lekarzem lub farmaceut\u0105.<\/p>\n<p>Interakcje lek\u00f3w<br \/>\nNie nale\u017cy stosowa\u0107 tego leku z azotanami i narkotykami zwanymi poppersami zawieraj\u0105cymi azotyn amylu lub butylu; leki alfa-blokuj\u0105ce; inne leki na impotencj\u0119; leki na nadci\u015bnienie itp.<br \/>\nSkonsultuj si\u0119 ze swoim lekarzem lub farmaceut\u0105, aby uzyska\u0107 wi\u0119cej informacji.<\/p>\n<p>Pomini\u0119ta dawka<br \/>\nViagra Proffesional jest stosowana w razie potrzeby, wi\u0119c jest ma\u0142o prawdopodobne, \u017ce b\u0119dziesz dawkowa\u0142 zgodnie ze schematem.<\/p>\n<p>Przedawkowanie<br \/>\nJe\u015bli uwa\u017casz, \u017ce masz pacjent zastosowa\u0142 zbyt du\u017c\u0105 dawk\u0119 tego leku, nale\u017cy natychmiast zwr\u00f3ci\u0107 si\u0119 o pomoc lekarsk\u0105. Objawy przedawkowania obejmuj\u0105 zwykle b\u00f3l w klatce piersiowej, nudno\u015bci, nieregularne bicie serca oraz uczucie oszo\u0142omienia lub omdlenia.<\/p>\n<p>Przechowywanie<br \/>\nLeki nale\u017cy przechowywa\u0107 w temperaturze pokojowej (20-25 stopni C), z dala od \u015bwiat\u0142a i \u015bwiat\u0142a wilgo\u0107. Nie przechowuj lek\u00f3w w \u0142azience. Wszystkie leki nale\u017cy przechowywa\u0107 z dala od dzieci i zwierz\u0105t domowych.<\/p>\n<p>Zastrze\u017cenie<br \/>\nPodajemy jedynie og\u00f3lne informacje na temat lek\u00f3w, kt\u00f3re nie obejmuj\u0105 wszystkich wskaz\u00f3wek, mo\u017cliwych po\u0142\u0105cze\u0144 lek\u00f3w ani \u015brodk\u00f3w ostro\u017cno\u015bci. Informacje zawarte na stronie nie mog\u0105 by\u0107 wykorzystywane do samodzielnego leczenia i autodiagnozy. Wszelkie szczeg\u00f3\u0142owe instrukcje dla konkretnego pacjenta nale\u017cy uzgodni\u0107 z doradc\u0105 ds. opieki zdrowotnej lub lekarzem prowadz\u0105cym dany przypadek. Zrzekamy si\u0119 wiarygodno\u015bci tych informacji i b\u0142\u0119d\u00f3w, jakie mog\u0105 one zawiera\u0107. Nie ponosimy odpowiedzialno\u015bci za jakiekolwiek bezpo\u015brednie, po\u015brednie, szczeg\u00f3lne lub inne po\u015brednie szkody powsta\u0142e w wyniku wykorzystania informacji zawartych na tej stronie, a tak\u017ce za konsekwencje samoleczenia.<\/p>\n","protected":false},"excerpt":{"rendered":"<p>Viagra Professional Generic jest zdecydowanie lekiem z wyboru, je\u015bli chodzi o skuteczne leczenie zaburze\u0144 erekcji i zwi\u0105zanego z nimi intymnego strachu przed pora\u017ck\u0105. Preparat ma takie same w\u0142a\u015bciwo\u015bci jak klasyczna Viagra, jednak zapewnia d\u0142u\u017cszy i intensywniejszy efekt terapeutyczny. Viagr\u0119 Professional Generic mo\u017cesz zam\u00f3wi\u0107 online bez recepty w naszej aptece wysy\u0142kowej.<\/p>\n","protected":false},"featured_media":1470,"comment_status":"open","ping_status":"closed","template":"","meta":[],"product_brand":[],"product_cat":[129],"product_tag":[],"class_list":{"0":"post-1550","1":"product","2":"type-product","3":"status-publish","4":"has-post-thumbnail","6":"product_cat-dysfunkcja-erekcji-pl","7":"pa_active_substance-sildenafil","9":"first","10":"instock","11":"shipping-taxable","12":"product-type-simple"},"jetpack_sharing_enabled":true,"_links":{"self":[{"href":"https:\/\/www.pharmacy-content.com\/index.php?rest_route=\/wp\/v2\/product\/1550","targetHints":{"allow":["GET"]}}],"collection":[{"href":"https:\/\/www.pharmacy-content.com\/index.php?rest_route=\/wp\/v2\/product"}],"about":[{"href":"https:\/\/www.pharmacy-content.com\/index.php?rest_route=\/wp\/v2\/types\/product"}],"replies":[{"embeddable":true,"href":"https:\/\/www.pharmacy-content.com\/index.php?rest_route=%2Fwp%2Fv2%2Fcomments&post=1550"}],"wp:featuredmedia":[{"embeddable":true,"href":"https:\/\/www.pharmacy-content.com\/index.php?rest_route=\/wp\/v2\/media\/1470"}],"wp:attachment":[{"href":"https:\/\/www.pharmacy-content.com\/index.php?rest_route=%2Fwp%2Fv2%2Fmedia&parent=1550"}],"wp:term":[{"taxonomy":"product_brand","embeddable":true,"href":"https:\/\/www.pharmacy-content.com\/index.php?rest_route=%2Fwp%2Fv2%2Fproduct_brand&post=1550"},{"taxonomy":"product_cat","embeddable":true,"href":"https:\/\/www.pharmacy-content.com\/index.php?rest_route=%2Fwp%2Fv2%2Fproduct_cat&post=1550"},{"taxonomy":"product_tag","embeddable":true,"href":"https:\/\/www.pharmacy-content.com\/index.php?rest_route=%2Fwp%2Fv2%2Fproduct_tag&post=1550"}],"curies":[{"name":"wp","href":"https:\/\/api.w.org\/{rel}","templated":true}]}}