{"id":1367,"date":"2026-04-22T06:42:04","date_gmt":"2026-04-22T06:42:04","guid":{"rendered":""},"modified":"2026-04-22T06:42:23","modified_gmt":"2026-04-22T06:42:23","slug":"levitra-8","status":"publish","type":"product","link":"https:\/\/www.pharmacy-content.com\/?product=levitra-8&lang=sv","title":{"rendered":"Levitra"},"content":{"rendered":"<p>Vanlig anv\u00e4ndning<br \/>\nLevitra \u00e4r ett oralt l\u00e4kemedel som anv\u00e4nds f\u00f6r att behandla erektil dysfunktion. Sexuell stimulering orsakar produktion och fris\u00e4ttning av kv\u00e4veoxid fr\u00e5n nerv\u00e4ndarna i de kavern\u00f6sa kropparna i penis, vilket aktiverar enzymet guanylatcyklas. Guanylatcyklas \u00e4r i sin tur ansvarig f\u00f6r produktionen av cykliskt guanosinmonofosfat (cGMP). cGMP orsakar vidgning och avslappning av blodk\u00e4rlen som transporterar blod till penis. Levitra f\u00f6rhindrar fosfodiesteras-5-enzym fr\u00e5n att f\u00f6rst\u00f6ra cGMP och hj\u00e4lper d\u00e4rmed till att st\u00f6dja blodfl\u00f6det till penis.<\/p>\n<p>Dosering och riktning<br \/>\nDen rekommenderade dosen av Levitra \u00e4r 10 mg per dag som tas en timme f\u00f6re samlag. Om inga biverkningar upplevs kan dosen \u00f6kas upp till 20 mg. Vid biverkningar reduceras dosen till 5 mg dagligen. Ta inte mer \u00e4n en flik Levitra om dagen.<\/p>\n<p>F\u00f6rsiktighets\u00e5tg\u00e4rder<br \/>\nLevitra har inte studerats p\u00e5 personer med hj\u00e4rt-k\u00e4rlsjukdom, s\u00e5 det \u00e4r att f\u00f6redra att undvika Levitra hos patienter som har haft en stroke eller hj\u00e4rtsvikt eller en hj\u00e4rtattack i deras historia, s\u00e4rskilt under de senaste sex m\u00e5naderna. Innan du tar Levitra, informera din l\u00e4kare om du har njur- eller leverproblem, en bl\u00f6dningsrubbning, mags\u00e5r eller en \u00e4rftlig retinal st\u00f6rning s\u00e5som retinitis pigmentosa, en allergisk reaktion mot detta l\u00e4kemedel eller andra l\u00e4kemedel, deformation av penis s\u00e5som vinkling. , kavern\u00f6s fibros (Peyronies sjukdom), s\u00e5v\u00e4l som i sjukdomar som bidrar till utvecklingen av priapism (sicklecellanemi, multipelt myelom, leukemi eller leukemi).<\/p>\n<p>Kontraindikationer<br \/>\nLevitra \u00e4r kontraindicerat f\u00f6r patienter med \u00f6verk\u00e4nslighet mot dess ingredienser. , de som behandlas med organiska nitrater, patienter under 16 \u00e5r eller de som tar HIV-proteash\u00e4mmare som indinavir och ritonavir.<\/p>\n<p>M\u00f6jlig biverkning<br \/>\nLevitra tolereras vanligtvis v\u00e4l och biverkningar, om de uppst\u00e5r, \u00e4r \u00f6verg\u00e5ende. De vanligaste biverkningarna \u00e4r: huvudv\u00e4rk, rodnad (hyperemi i ansiktet), frekvent yrsel, diarr\u00e9fenomen, illam\u00e5ende, n\u00e4st\u00e4ppa. Mer s\u00e4llsynta och ovanliga biverkningar \u00e4r ljusk\u00e4nslighet i huden, h\u00f6gt blodtryck, ryggsm\u00e4rta, rinnande \u00f6gon, hypotoni, myalgi, priapism.<\/p>\n<p>L\u00e4kemedelsinteraktion<br \/>\nLevitras metabolism h\u00e4mmas av erytromycin, ketokonazol (Nizoral), itrakonazol (Sporanox), indinavir (Crixivan) och ritonavir (Norvir). Levitra minskar koncentrationen av ritonavir och indinavir. Hos patienter som behandlas med nitrater kan Levitra f\u00f6rv\u00e4rra br\u00f6stsm\u00e4rtor genom att \u00f6ka hj\u00e4rtfrekvensen och s\u00e4nka blodtrycket. Levitra kan \u00f6verdriva de blodtryckss\u00e4nkande effekterna av alfa-blockerande l\u00e4kemedel (terazosin eller Hytrin). Levitra ska aldrig administreras till patienter som behandlas med organiska nitrater.<\/p>\n<p>Missad dos<br \/>\nLevitra tas vid behov men inte oftare \u00e4n en g\u00e5ng dagligen s\u00e5 en missad dos \u00e4r inte t\u00e4nkt.<\/p>\n<p>\u00d6verdosering<br \/>\nSymtom p\u00e5 \u00f6verdosering inkluderar sm\u00e4rta i ryggen, k\u00e4ken, armen, blindhet, dimsyn, br\u00f6stsm\u00e4rtor eller obehag, nedsatt syn och dimsyn.<\/p>\n<p>F\u00f6rvaring<br \/>\nF\u00f6rvaras i rumstemperatur mellan 15-30 C (59-86 F) borta fr\u00e5n barn, husdjur , fukt och solljus.<\/p>\n<p>Ansvarsfriskrivning<br \/>\nVi tillhandah\u00e5ller endast allm\u00e4n information om mediciner som inte t\u00e4cker alla riktningar, m\u00f6jliga l\u00e4kemedelsintegrationer eller f\u00f6rsiktighets\u00e5tg\u00e4rder. Information p\u00e5 sidan kan inte anv\u00e4ndas f\u00f6r sj\u00e4lvbehandling och sj\u00e4lvdiagnos. Alla specifika instruktioner f\u00f6r en viss patient b\u00f6r \u00f6verenskommas med din h\u00e4lsor\u00e5dgivare eller l\u00e4kare som \u00e4r ansvarig f\u00f6r \u00e4rendet. Vi fr\u00e5ns\u00e4ger oss tillf\u00f6rlitligheten av denna information och eventuella fel den kan inneh\u00e5lla. Vi ansvarar inte f\u00f6r n\u00e5gon direkt, indirekt, speciell eller annan indirekt skada till f\u00f6ljd av n\u00e5gon anv\u00e4ndning av informationen p\u00e5 denna webbplats och \u00e4ven f\u00f6r konsekvenser av egenbehandling.<\/p>\n","protected":false},"excerpt":{"rendered":"<p>Levitra Generic anv\u00e4nds f\u00f6r att behandla erektil dysfunktion, vilket \u00e4r en mans of\u00f6rm\u00e5ga att uppr\u00e4tth\u00e5lla en erektion. Det fungerar genom att slappna av musklerna i penis, vilket l\u00e5ter mer blod fl\u00f6da till den. Den aktiva ingrediensen i Levitra \u00e4r vardenafil. L\u00e4kemedlet gjordes f\u00f6rst tillg\u00e4ngligt 2003, och i USA kan du bara f\u00e5 det p\u00e5 recept. Levitra tas vid behov, ungef\u00e4r en timme innan du vill ha sex. Alkohol och grapefrukt b\u00f6r undvikas n\u00e4r du tar denna medicin eftersom de kan ge allvarliga biverkningar.<\/p>\n","protected":false},"featured_media":1129,"comment_status":"open","ping_status":"closed","template":"","meta":[],"product_brand":[],"product_cat":[135],"product_tag":[],"class_list":{"0":"post-1367","1":"product","2":"type-product","3":"status-publish","4":"has-post-thumbnail","6":"product_cat-erektil-dysfunktion-sv","7":"pa_active_substance-vardenafil","9":"first","10":"instock","11":"shipping-taxable","12":"product-type-simple"},"jetpack_sharing_enabled":true,"_links":{"self":[{"href":"https:\/\/www.pharmacy-content.com\/index.php?rest_route=\/wp\/v2\/product\/1367","targetHints":{"allow":["GET"]}}],"collection":[{"href":"https:\/\/www.pharmacy-content.com\/index.php?rest_route=\/wp\/v2\/product"}],"about":[{"href":"https:\/\/www.pharmacy-content.com\/index.php?rest_route=\/wp\/v2\/types\/product"}],"replies":[{"embeddable":true,"href":"https:\/\/www.pharmacy-content.com\/index.php?rest_route=%2Fwp%2Fv2%2Fcomments&post=1367"}],"wp:featuredmedia":[{"embeddable":true,"href":"https:\/\/www.pharmacy-content.com\/index.php?rest_route=\/wp\/v2\/media\/1129"}],"wp:attachment":[{"href":"https:\/\/www.pharmacy-content.com\/index.php?rest_route=%2Fwp%2Fv2%2Fmedia&parent=1367"}],"wp:term":[{"taxonomy":"product_brand","embeddable":true,"href":"https:\/\/www.pharmacy-content.com\/index.php?rest_route=%2Fwp%2Fv2%2Fproduct_brand&post=1367"},{"taxonomy":"product_cat","embeddable":true,"href":"https:\/\/www.pharmacy-content.com\/index.php?rest_route=%2Fwp%2Fv2%2Fproduct_cat&post=1367"},{"taxonomy":"product_tag","embeddable":true,"href":"https:\/\/www.pharmacy-content.com\/index.php?rest_route=%2Fwp%2Fv2%2Fproduct_tag&post=1367"}],"curies":[{"name":"wp","href":"https:\/\/api.w.org\/{rel}","templated":true}]}}