{"id":1163,"date":"2026-04-22T06:41:41","date_gmt":"2026-04-22T06:41:41","guid":{"rendered":""},"modified":"2026-04-22T06:42:22","modified_gmt":"2026-04-22T06:42:22","slug":"levitra-2","status":"publish","type":"product","link":"https:\/\/www.pharmacy-content.com\/?product=levitra-2&lang=de","title":{"rendered":"Levitra"},"content":{"rendered":"<p>Allgemeine Anwendung<br \/>\nLevitra ist ein orales Medikament zur Behandlung der erektilen Dysfunktion. Sexuelle Stimulation f\u00fchrt zur Produktion und Freisetzung von Stickstoffmonoxid aus den Nervenenden der Schwellk\u00f6rper des Penis und aktiviert dadurch das Enzym Guanylatcyclase. Guanylatcyclase wiederum ist f\u00fcr die Produktion von zyklischem Guanosinmonophosphat (cGMP) verantwortlich. Das cGMP bewirkt eine Erweiterung und Entspannung der Blutgef\u00e4\u00dfe, die Blut zum Penis transportieren. Levitra verhindert, dass das Enzym Phosphodiesterase-5 cGMP zerst\u00f6rt, und hilft so, die Durchblutung des Penis zu unterst\u00fctzen.<\/p>\n<p>Dosierung und Anwendungsgebiet<br \/>\nDie empfohlene Dosis von Levitra betr\u00e4gt 10 mg pro Tag und wird eine Stunde vor dem Geschlechtsverkehr eingenommen. Wenn keine Nebenwirkungen auftreten, kann die Dosierung auf bis zu 20 mg erh\u00f6ht werden. Bei Nebenwirkungen wird die Dosis auf 5 mg t\u00e4glich reduziert. Nehmen Sie nicht mehr als eine Tablette Levitra pro Tag ein.<\/p>\n<p>Vorsichtsma\u00dfnahmen<br \/>\nLevitra wurde bei Menschen mit Herz-Kreislauf-Erkrankungen nicht untersucht, daher ist es vorzuziehen, Levitra bei Patienten zu meiden, die einen Schlaganfall oder eine Herzinsuffizienz oder einen Herzinfarkt erlitten haben in ihrer Geschichte, insbesondere in den letzten sechs Monaten. Informieren Sie vor der Einnahme von Levitra Ihren Arzt, wenn Sie Nieren- oder Leberprobleme, eine Blutgerinnungsst\u00f6rung, ein Magengeschw\u00fcr oder eine erbliche Netzhauterkrankung wie Retinitis pigmentosa, eine allergische Reaktion auf dieses Arzneimittel oder andere Arzneimittel oder eine Verformung des Penis wie z. B. Angulation haben , kavern\u00f6ser Fibrose (Peyronie-Krankheit) sowie bei Krankheiten, die zur Entwicklung von Priapismus beitragen (Sichelzellenan\u00e4mie, multiples Myelom, Leuk\u00e4mie oder Leuk\u00e4mie).<\/p>\n<p>Kontraindikationen<br \/>\nLevitra ist bei Patienten mit \u00dcberempfindlichkeit gegen seine Inhaltsstoffe kontraindiziert , Patienten, die mit organischen Nitraten behandelt werden, Patienten unter 16 Jahren oder Patienten, die HIV-Proteasehemmer wie Indinavir und Ritonavir einnehmen.<\/p>\n<p>M\u00f6gliche Nebenwirkungen<br \/>\nLevitra wird normalerweise gut vertragen und Nebenwirkungen sind, wenn sie auftreten, vor\u00fcbergehend. Die h\u00e4ufigsten Nebenwirkungen sind: Kopfschmerzen, Gesichtsr\u00f6tung (Hyper\u00e4mie des Gesichts), h\u00e4ufiges Schwindelgef\u00fchl, Durchfallph\u00e4nomene, \u00dcbelkeit, verstopfte Nase. Seltenere und seltenere Nebenwirkungen sind Lichtempfindlichkeit der Haut, Bluthochdruck, R\u00fcckenschmerzen, tr\u00e4nende Augen, Hypotonie, Myalgie, Priapismus.<\/p>\n<p>Wechselwirkungen mit anderen Arzneimitteln<br \/>\nDer Metabolismus von Levitra wird durch Erythromycin, Ketoconazol (Nizoral), Itraconazol (Sporanox) und Indinavir gehemmt (Crixivan) und Ritonavir (Norvir). Levitra reduziert die Konzentration von Ritonavir und Indinavir. Bei Patienten, die mit Nitraten behandelt werden, kann Levitra Brustschmerzen verschlimmern, indem es die Herzfrequenz erh\u00f6ht und den Blutdruck senkt. Levitra kann die blutdrucksenkende Wirkung von Alpha-Blockern (Terazosin oder Hytrin) verst\u00e4rken. Levitra sollte niemals Patienten verabreicht werden, die mit organischen Nitraten behandelt werden.<\/p>\n<p>Verpasste Dosis<br \/>\nLevitra wird bei Bedarf eingenommen, jedoch nicht \u00f6fter als einmal t\u00e4glich, daher ist eine vergessene Dosis nicht zu erwarten.<\/p>\n<p>\u00dcberdosierung<br \/>\nZu den Symptomen einer \u00dcberdosierung geh\u00f6ren Schmerzen im R\u00fccken, Kiefer, Arm, Blindheit, verschwommenes Sehen, Brustschmerzen oder -beschwerden, vermindertes Sehverm\u00f6gen und verschwommenes Sehen.<\/p>\n<p>Lagerung<br \/>\nBei Raumtemperatur zwischen 15 und 30 \u00b0C (59 bis 86 \u00b0F) lagern, fern von Kindern und Haustieren , Feuchtigkeit und Sonnenlicht.<\/p>\n<p>Haftungsausschluss<br \/>\nWir stellen nur allgemeine Informationen zu Medikamenten zur Verf\u00fcgung, die nicht alle Anwendungsgebiete, m\u00f6gliche Arzneimittelkombinationen oder Vorsichtsma\u00dfnahmen abdecken. Die Informationen auf der Website k\u00f6nnen nicht zur Selbstbehandlung und Selbstdiagnose verwendet werden. Spezifische Anweisungen f\u00fcr einen bestimmten Patienten sollten mit Ihrem Gesundheitsberater oder dem f\u00fcr den Fall zust\u00e4ndigen Arzt vereinbart werden. Wir lehnen die Zuverl\u00e4ssigkeit dieser Informationen und etwaige darin enthaltene Fehler ab. Wir haften nicht f\u00fcr direkte, indirekte, besondere oder sonstige indirekte Sch\u00e4den, die sich aus der Nutzung der Informationen auf dieser Website ergeben und auch nicht f\u00fcr Folgen der Selbstbehandlung.<\/p>\n","protected":false},"excerpt":{"rendered":"<p>Levitra Generic wird zur Behandlung der erektilen Dysfunktion eingesetzt, also der Unf\u00e4higkeit des Mannes, eine Erektion aufrechtzuerhalten. Es entspannt die Muskeln im Penis und sorgt daf\u00fcr, dass mehr Blut in den Penis flie\u00dfen kann. Der Wirkstoff in Levitra ist Vardenafil. Das Medikament wurde erstmals 2003 auf den Markt gebracht und ist in den USA nur auf Rezept erh\u00e4ltlich. Levitra wird nach Bedarf eingenommen, etwa eine Stunde bevor Sie Sex haben m\u00f6chten. Alkohol und Grapefruit sollten bei der Einnahme dieses Medikaments vermieden werden, da sie schwere Nebenwirkungen hervorrufen k\u00f6nnen.<\/p>\n","protected":false},"featured_media":1129,"comment_status":"open","ping_status":"closed","template":"","meta":[],"product_brand":[],"product_cat":[117],"product_tag":[],"class_list":{"0":"post-1163","1":"product","2":"type-product","3":"status-publish","4":"has-post-thumbnail","6":"product_cat-erektile-dysfunktion-de","7":"pa_active_substance-vardenafil","9":"first","10":"instock","11":"shipping-taxable","12":"product-type-simple"},"jetpack_sharing_enabled":true,"_links":{"self":[{"href":"https:\/\/www.pharmacy-content.com\/index.php?rest_route=\/wp\/v2\/product\/1163","targetHints":{"allow":["GET"]}}],"collection":[{"href":"https:\/\/www.pharmacy-content.com\/index.php?rest_route=\/wp\/v2\/product"}],"about":[{"href":"https:\/\/www.pharmacy-content.com\/index.php?rest_route=\/wp\/v2\/types\/product"}],"replies":[{"embeddable":true,"href":"https:\/\/www.pharmacy-content.com\/index.php?rest_route=%2Fwp%2Fv2%2Fcomments&post=1163"}],"wp:featuredmedia":[{"embeddable":true,"href":"https:\/\/www.pharmacy-content.com\/index.php?rest_route=\/wp\/v2\/media\/1129"}],"wp:attachment":[{"href":"https:\/\/www.pharmacy-content.com\/index.php?rest_route=%2Fwp%2Fv2%2Fmedia&parent=1163"}],"wp:term":[{"taxonomy":"product_brand","embeddable":true,"href":"https:\/\/www.pharmacy-content.com\/index.php?rest_route=%2Fwp%2Fv2%2Fproduct_brand&post=1163"},{"taxonomy":"product_cat","embeddable":true,"href":"https:\/\/www.pharmacy-content.com\/index.php?rest_route=%2Fwp%2Fv2%2Fproduct_cat&post=1163"},{"taxonomy":"product_tag","embeddable":true,"href":"https:\/\/www.pharmacy-content.com\/index.php?rest_route=%2Fwp%2Fv2%2Fproduct_tag&post=1163"}],"curies":[{"name":"wp","href":"https:\/\/api.w.org\/{rel}","templated":true}]}}